{"id":9524,"date":"2019-04-30T04:09:45","date_gmt":"2019-04-30T04:09:45","guid":{"rendered":"https:\/\/luenpun.com.hk\/product\/ts_1270-en\/"},"modified":"2024-04-22T12:52:49","modified_gmt":"2024-04-22T04:52:49","slug":"ts_1270","status":"publish","type":"product","link":"https:\/\/luenpun.com.hk\/en\/product\/ts_1270\/","title":{"rendered":"Roller Grill Salamanders Toaster <br>TS 1270"},"content":{"rendered":"<ul>\n<li>\n<p class=\"p1\">15\u2019 timer with a lock position for non-stop use<\/p>\n<\/li>\n<li>\n<p class=\"p1\">Infrared quartz tubes\u00a0(1050\u00b0C)<\/p>\n<\/li>\n<li>\n<p class=\"p1\">200 toasts \/hr<\/p>\n<\/li>\n<\/ul>\n","protected":false},"excerpt":{"rendered":"\n\t\t<div class=\"icon-box featured-box icon-box-left text-left\"  >\n\t\t\t\t\t<div class=\"icon-box-img\" style=\"width: 150px\">\n\t\t\t\t<div class=\"icon\">\n\t\t\t\t\t<div class=\"icon-inner\" >\n\t\t\t\t\t\t<img src=\"\/wp-content\/uploads\/2019\/03\/logo_roller_grill.png\" alt=\"Made in France\" \/>\t\t\t\t\t<\/div>\n\t\t\t\t<\/div>\n\t\t\t<\/div>\n\t\t\t\t<div class=\"icon-box-text last-reset\">\n\t\t\t<h5 class=\"uppercase\">Made in France<\/h5>\t\t\t\t\t\t\n\t\t<\/div>\n\t<\/div><!-- .icon-box -->\n\t\n\t\n<ul>\n<li>Outer size: 640 \u00d7 380 \u00d7 335 mm<\/li>\n<li>Cooking area: 520 \u00d7 320 mm; 1 \u00d7 GN 1\/1<\/li>\n<li>Inside height: 85 mm<\/li>\n<li>Weight: 13 kg<\/li>\n<li>Power: 2,470 w<\/li>\n<li>Volts: 230 V<\/li>\n<\/ul>\n<h4 class=\"p1\"><span style=\"color: #e14d43;\">\uff0aProducts are subject to change due to enhancements and continuous development.<\/span><\/h4>\n<p class=\"p1\"><span class=\"s1\">[<\/span>button size=&#8221;medium&#8221; style=&#8221;primary&#8221; text=&#8221;Enquiry&#8221; link=&#8221;https:\/\/luenpun.com.hk\/%E6%9F%A5%E8%A9%A2\/&#8221; target=&#8221;&#8221;<span class=\"s1\">]<\/span><\/p>\n","protected":false},"featured_media":4049,"template":"","meta":{"om_disable_all_campaigns":false,"_joinchat":[]},"product_cat":[162,467],"product_tag":[607,553],"yoast_head":"<!-- This site is optimized with the Yoast SEO plugin v19.7.1 - https:\/\/yoast.com\/wordpress\/plugins\/seo\/ -->\n<title>Roller Grill Salamanders Toaster TS 1270 - \u806f\u54c1<\/title>\n<meta name=\"robots\" content=\"index, follow, max-snippet:-1, max-image-preview:large, max-video-preview:-1\" \/>\n<link rel=\"canonical\" href=\"https:\/\/luenpun.com.hk\/en\/product\/ts_1270\/\" \/>\n<meta property=\"og:locale\" content=\"en_US\" \/>\n<meta property=\"og:type\" content=\"article\" \/>\n<meta property=\"og:title\" content=\"Roller Grill Salamanders Toaster TS 1270 - \u806f\u54c1\" \/>\n<meta property=\"og:description\" content=\"Outer size: 640 \u00d7 380 \u00d7 335 mm  Cooking area: 520 \u00d7 320 mm; 1 \u00d7 GN 1\/1  Inside height: 85 mm  Weight: 13 kg  Power: 2,470 w  Volts: 230 V  \uff0aProducts are subject to change due to enhancements and continuous development.\" \/>\n<meta property=\"og:url\" content=\"https:\/\/luenpun.com.hk\/en\/product\/ts_1270\/\" \/>\n<meta property=\"og:site_name\" content=\"\u806f\u54c1\" \/>\n<meta property=\"article:publisher\" content=\"https:\/\/www.facebook.com\/luenpunhk\/\" \/>\n<meta property=\"article:modified_time\" content=\"2024-04-22T04:52:49+00:00\" \/>\n<meta property=\"og:image\" content=\"https:\/\/luenpun.com.hk\/wp-content\/uploads\/2019\/04\/ts_1270.jpg\" \/>\n\t<meta property=\"og:image:width\" content=\"900\" \/>\n\t<meta property=\"og:image:height\" content=\"900\" \/>\n\t<meta property=\"og:image:type\" content=\"image\/jpeg\" \/>\n<meta name=\"twitter:card\" content=\"summary_large_image\" \/>\n<script type=\"application\/ld+json\" class=\"yoast-schema-graph\">{\"@context\":\"https:\/\/schema.org\",\"@graph\":[{\"@type\":\"WebPage\",\"@id\":\"https:\/\/luenpun.com.hk\/en\/product\/ts_1270\/\",\"url\":\"https:\/\/luenpun.com.hk\/en\/product\/ts_1270\/\",\"name\":\"Roller Grill Salamanders Toaster TS 1270 - \u806f\u54c1\",\"isPartOf\":{\"@id\":\"https:\/\/luenpun.com.hk\/#website\"},\"datePublished\":\"2019-04-30T04:09:45+00:00\",\"dateModified\":\"2024-04-22T04:52:49+00:00\",\"breadcrumb\":{\"@id\":\"https:\/\/luenpun.com.hk\/en\/product\/ts_1270\/#breadcrumb\"},\"inLanguage\":\"en-US\",\"potentialAction\":[{\"@type\":\"ReadAction\",\"target\":[\"https:\/\/luenpun.com.hk\/en\/product\/ts_1270\/\"]}]},{\"@type\":\"BreadcrumbList\",\"@id\":\"https:\/\/luenpun.com.hk\/en\/product\/ts_1270\/#breadcrumb\",\"itemListElement\":[{\"@type\":\"ListItem\",\"position\":1,\"name\":\"\u9996\u9801\",\"item\":\"https:\/\/luenpun.com.hk\/en\/\"},{\"@type\":\"ListItem\",\"position\":2,\"name\":\"Product\",\"item\":\"https:\/\/luenpun.com.hk\/en\/shop\/\"},{\"@type\":\"ListItem\",\"position\":3,\"name\":\"Roller Grill Salamanders Toaster TS 1270\"}]},{\"@type\":\"WebSite\",\"@id\":\"https:\/\/luenpun.com.hk\/#website\",\"url\":\"https:\/\/luenpun.com.hk\/\",\"name\":\"\u806f\u54c1\",\"description\":\"\u4e00\u7ad9\u5f0f\u5546\u7528\u5eda\u623f\u8a2d\u5099\u4f9b\u61c9\u5546\",\"potentialAction\":[{\"@type\":\"SearchAction\",\"target\":{\"@type\":\"EntryPoint\",\"urlTemplate\":\"https:\/\/luenpun.com.hk\/?s={search_term_string}\"},\"query-input\":\"required name=search_term_string\"}],\"inLanguage\":\"en-US\"}]}<\/script>\n<!-- \/ Yoast SEO plugin. -->","yoast_head_json":{"title":"Roller Grill Salamanders Toaster TS 1270 - \u806f\u54c1","robots":{"index":"index","follow":"follow","max-snippet":"max-snippet:-1","max-image-preview":"max-image-preview:large","max-video-preview":"max-video-preview:-1"},"canonical":"https:\/\/luenpun.com.hk\/en\/product\/ts_1270\/","og_locale":"en_US","og_type":"article","og_title":"Roller Grill Salamanders Toaster TS 1270 - \u806f\u54c1","og_description":"Outer size: 640 \u00d7 380 \u00d7 335 mm  Cooking area: 520 \u00d7 320 mm; 1 \u00d7 GN 1\/1  Inside height: 85 mm  Weight: 13 kg  Power: 2,470 w  Volts: 230 V  \uff0aProducts are subject to change due to enhancements and continuous development.","og_url":"https:\/\/luenpun.com.hk\/en\/product\/ts_1270\/","og_site_name":"\u806f\u54c1","article_publisher":"https:\/\/www.facebook.com\/luenpunhk\/","article_modified_time":"2024-04-22T04:52:49+00:00","og_image":[{"width":900,"height":900,"url":"https:\/\/luenpun.com.hk\/wp-content\/uploads\/2019\/04\/ts_1270.jpg","type":"image\/jpeg"}],"twitter_card":"summary_large_image","schema":{"@context":"https:\/\/schema.org","@graph":[{"@type":"WebPage","@id":"https:\/\/luenpun.com.hk\/en\/product\/ts_1270\/","url":"https:\/\/luenpun.com.hk\/en\/product\/ts_1270\/","name":"Roller Grill Salamanders Toaster TS 1270 - \u806f\u54c1","isPartOf":{"@id":"https:\/\/luenpun.com.hk\/#website"},"datePublished":"2019-04-30T04:09:45+00:00","dateModified":"2024-04-22T04:52:49+00:00","breadcrumb":{"@id":"https:\/\/luenpun.com.hk\/en\/product\/ts_1270\/#breadcrumb"},"inLanguage":"en-US","potentialAction":[{"@type":"ReadAction","target":["https:\/\/luenpun.com.hk\/en\/product\/ts_1270\/"]}]},{"@type":"BreadcrumbList","@id":"https:\/\/luenpun.com.hk\/en\/product\/ts_1270\/#breadcrumb","itemListElement":[{"@type":"ListItem","position":1,"name":"\u9996\u9801","item":"https:\/\/luenpun.com.hk\/en\/"},{"@type":"ListItem","position":2,"name":"Product","item":"https:\/\/luenpun.com.hk\/en\/shop\/"},{"@type":"ListItem","position":3,"name":"Roller Grill Salamanders Toaster TS 1270"}]},{"@type":"WebSite","@id":"https:\/\/luenpun.com.hk\/#website","url":"https:\/\/luenpun.com.hk\/","name":"\u806f\u54c1","description":"\u4e00\u7ad9\u5f0f\u5546\u7528\u5eda\u623f\u8a2d\u5099\u4f9b\u61c9\u5546","potentialAction":[{"@type":"SearchAction","target":{"@type":"EntryPoint","urlTemplate":"https:\/\/luenpun.com.hk\/?s={search_term_string}"},"query-input":"required name=search_term_string"}],"inLanguage":"en-US"}]}},"_links":{"self":[{"href":"https:\/\/luenpun.com.hk\/en\/wp-json\/wp\/v2\/product\/9524"}],"collection":[{"href":"https:\/\/luenpun.com.hk\/en\/wp-json\/wp\/v2\/product"}],"about":[{"href":"https:\/\/luenpun.com.hk\/en\/wp-json\/wp\/v2\/types\/product"}],"wp:featuredmedia":[{"embeddable":true,"href":"https:\/\/luenpun.com.hk\/en\/wp-json\/wp\/v2\/media\/4049"}],"wp:attachment":[{"href":"https:\/\/luenpun.com.hk\/en\/wp-json\/wp\/v2\/media?parent=9524"}],"wp:term":[{"taxonomy":"product_cat","embeddable":true,"href":"https:\/\/luenpun.com.hk\/en\/wp-json\/wp\/v2\/product_cat?post=9524"},{"taxonomy":"product_tag","embeddable":true,"href":"https:\/\/luenpun.com.hk\/en\/wp-json\/wp\/v2\/product_tag?post=9524"}],"curies":[{"name":"wp","href":"https:\/\/api.w.org\/{rel}","templated":true}]}}