{"id":27258,"date":"2023-12-19T10:53:57","date_gmt":"2023-12-19T02:53:57","guid":{"rendered":"https:\/\/luenpun.com.hk\/?post_type=product&#038;p=27258"},"modified":"2023-12-26T09:44:34","modified_gmt":"2023-12-26T01:44:34","slug":"hks3240061","status":"publish","type":"product","link":"https:\/\/luenpun.com.hk\/en\/product\/hks3240061\/","title":{"rendered":"\u7af9\u7c60<br>2.5&#8243;\/ 4\u2033\/ 4.5\u2033\/ 5&#8243;\/ 6\u2033\/ 6.5&#8243;\/ 7\u2033\/ 8\u2033\/ 9\u2033\/ 10\u2033\/ 11\u2033\/ 12\u2033\/13&#8243;\/ 14&#8243;\/ 14.5&#8243;\/ 16&#8243;\/ 18&#8243;"},"content":{"rendered":"","protected":false},"excerpt":{"rendered":"<p>2.5&#8243; : \u00d86cm, \u00d82.5&#8243; [HKS3240061]\n<p>4&#8243; : \u00d810cm, \u00d84&#8243; [HKS3240033]\n<p>4.5&#8243; : \u00d811.5cm, \u00d84.5&#8243; [HKS3240031]\n<p>5&#8243; : \u00d812.5cm, \u00d85&#8243; [HKS3240029]\n<p>6&#8243; : \u00d815cm, \u00d86&#8243; [HKS3240027]\n<p>6.5&#8243; : \u00d816.5cm, \u00d86.5&#8243; [HKS3240025]\n<p>7&#8243; : \u00d818cm, \u00d87&#8243; [HKS3240023]\n<p>8&#8243; : \u00d820.5cm, \u00d88&#8243; [HKS3240021]\n<p>9&#8243; : \u00d823cm, \u00d89&#8243; [HKS3240019]\n<p>10&#8243; : \u00d825.5cm, \u00d810&#8243; [HKS3240017]\n<p>11&#8243; : \u00d828cm, \u00d811&#8243; [HKS3240015]\n<p>12&#8243; : \u00d830.5cm, \u00d812&#8243; [HKS3240013]\n<p>13&#8243; : \u00d833cm, \u00d813&#8243; [HKS3240011]\n<p>14&#8243; : \u00d835.5cm, \u00d814&#8243; [HKS3240103]\n<p>14.5&#8243; : \u00d837cm, \u00d814.5&#8243; [HKS3240009]\n<p>16&#8243; : \u00d840.5cm, \u00d816&#8243; [HKS3240007]\n<p>18&#8243; :\u00d8 45.5cm, \u00d818&#8243; [HKS3240005]\n","protected":false},"featured_media":27303,"template":"","meta":{"om_disable_all_campaigns":false,"_joinchat":[]},"product_cat":[161,717],"product_tag":[],"yoast_head":"<!-- This site is optimized with the Yoast SEO plugin v19.7.1 - https:\/\/yoast.com\/wordpress\/plugins\/seo\/ -->\n<title>\u7af9\u7c602.5&quot;\/ 4\u2033\/ 4.5\u2033\/ 5&quot;\/ 6\u2033\/ 6.5&quot;\/ 7\u2033\/ 8\u2033\/ 9\u2033\/ 10\u2033\/ 11\u2033\/ 12\u2033\/13&quot;\/ 14&quot;\/ 14.5&quot;\/ 16&quot;\/ 18&quot; - \u806f\u54c1<\/title>\n<meta name=\"robots\" content=\"index, follow, max-snippet:-1, max-image-preview:large, max-video-preview:-1\" \/>\n<link rel=\"canonical\" href=\"https:\/\/luenpun.com.hk\/en\/product\/hks3240061\/\" \/>\n<meta property=\"og:locale\" content=\"en_US\" \/>\n<meta property=\"og:type\" content=\"article\" \/>\n<meta property=\"og:title\" content=\"\u7af9\u7c602.5&quot;\/ 4\u2033\/ 4.5\u2033\/ 5&quot;\/ 6\u2033\/ 6.5&quot;\/ 7\u2033\/ 8\u2033\/ 9\u2033\/ 10\u2033\/ 11\u2033\/ 12\u2033\/13&quot;\/ 14&quot;\/ 14.5&quot;\/ 16&quot;\/ 18&quot; - \u806f\u54c1\" \/>\n<meta property=\"og:description\" content=\"2.5&quot; : \u00d86cm, \u00d82.5&quot; [HKS3240061]  4&quot; : \u00d810cm, \u00d84&quot; [HKS3240033]  4.5&quot; : \u00d811.5cm, \u00d84.5&quot; [HKS3240031]  5&quot; : \u00d812.5cm, \u00d85&quot; [HKS3240029]  6&quot; : \u00d815cm, \u00d86&quot; [HKS3240027]  6.5&quot; : \u00d816.5cm, \u00d86.5&quot; [HKS3240025]  7&quot; : \u00d818cm, \u00d87&quot; [HKS3240023]  8&quot; : \u00d820.5cm, \u00d88&quot; [HKS3240021]  9&quot; : \u00d823cm, \u00d89&quot; [HKS3240019]  10&quot; : \u00d825.5cm, \u00d810&quot; [HKS3240017]  11&quot; : \u00d828cm, \u00d811&quot; [HKS3240015]  12&quot; : \u00d830.5cm, \u00d812&quot; [HKS3240013]  13&quot; : \u00d833cm, \u00d813&quot; [HKS3240011]  14&quot; : \u00d835.5cm, \u00d814&quot; [HKS3240103]  14.5&quot; : \u00d837cm, \u00d814.5&quot; [HKS3240009]  16&quot; : \u00d840.5cm, \u00d816&quot; [HKS3240007]  18&quot; :\u00d8 45.5cm, \u00d818&quot; [HKS3240005]\" \/>\n<meta property=\"og:url\" content=\"https:\/\/luenpun.com.hk\/product\/hks3240061\/\" \/>\n<meta property=\"og:site_name\" content=\"\u806f\u54c1\" \/>\n<meta property=\"article:publisher\" content=\"https:\/\/www.facebook.com\/luenpunhk\/\" \/>\n<meta property=\"article:modified_time\" content=\"2023-12-26T01:44:34+00:00\" \/>\n<meta property=\"og:image\" content=\"https:\/\/luenpun.com.hk\/wp-content\/uploads\/2023\/12\/HKS3240019.jpg\" \/>\n\t<meta property=\"og:image:width\" content=\"1000\" \/>\n\t<meta property=\"og:image:height\" content=\"1000\" \/>\n\t<meta property=\"og:image:type\" content=\"image\/jpeg\" \/>\n<meta name=\"twitter:card\" content=\"summary_large_image\" \/>\n<script type=\"application\/ld+json\" class=\"yoast-schema-graph\">{\"@context\":\"https:\/\/schema.org\",\"@graph\":[{\"@type\":\"WebPage\",\"@id\":\"https:\/\/luenpun.com.hk\/product\/hks3240061\/\",\"url\":\"https:\/\/luenpun.com.hk\/product\/hks3240061\/\",\"name\":\"\u7af9\u7c60 2.5\\\"\/ 4\u2033\/ 4.5\u2033\/ 5\\\"\/ 6\u2033\/ 6.5\\\"\/ 7\u2033\/ 8\u2033\/ 9\u2033\/ 10\u2033\/ 11\u2033\/ 12\u2033\/13\\\"\/ 14\\\"\/ 14.5\\\"\/ 16\\\"\/ 18\\\" - \u806f\u54c1\",\"isPartOf\":{\"@id\":\"https:\/\/luenpun.com.hk\/#website\"},\"datePublished\":\"2023-12-19T02:53:57+00:00\",\"dateModified\":\"2023-12-26T01:44:34+00:00\",\"breadcrumb\":{\"@id\":\"https:\/\/luenpun.com.hk\/product\/hks3240061\/#breadcrumb\"},\"inLanguage\":\"en-US\",\"potentialAction\":[{\"@type\":\"ReadAction\",\"target\":[\"https:\/\/luenpun.com.hk\/product\/hks3240061\/\"]}]},{\"@type\":\"BreadcrumbList\",\"@id\":\"https:\/\/luenpun.com.hk\/product\/hks3240061\/#breadcrumb\",\"itemListElement\":[{\"@type\":\"ListItem\",\"position\":1,\"name\":\"\u9996\u9801\",\"item\":\"https:\/\/luenpun.com.hk\/en\/\"},{\"@type\":\"ListItem\",\"position\":2,\"name\":\"Product\",\"item\":\"https:\/\/luenpun.com.hk\/en\/shop\/\"},{\"@type\":\"ListItem\",\"position\":3,\"name\":\"\u7af9\u7c602.5&#8243;\/ 4\u2033\/ 4.5\u2033\/ 5&#8243;\/ 6\u2033\/ 6.5&#8243;\/ 7\u2033\/ 8\u2033\/ 9\u2033\/ 10\u2033\/ 11\u2033\/ 12\u2033\/13&#8243;\/ 14&#8243;\/ 14.5&#8243;\/ 16&#8243;\/ 18&#8243;\"}]},{\"@type\":\"WebSite\",\"@id\":\"https:\/\/luenpun.com.hk\/#website\",\"url\":\"https:\/\/luenpun.com.hk\/\",\"name\":\"\u806f\u54c1\",\"description\":\"\u4e00\u7ad9\u5f0f\u5546\u7528\u5eda\u623f\u8a2d\u5099\u4f9b\u61c9\u5546\",\"potentialAction\":[{\"@type\":\"SearchAction\",\"target\":{\"@type\":\"EntryPoint\",\"urlTemplate\":\"https:\/\/luenpun.com.hk\/?s={search_term_string}\"},\"query-input\":\"required name=search_term_string\"}],\"inLanguage\":\"en-US\"}]}<\/script>\n<!-- \/ Yoast SEO plugin. -->","yoast_head_json":{"title":"\u7af9\u7c602.5\"\/ 4\u2033\/ 4.5\u2033\/ 5\"\/ 6\u2033\/ 6.5\"\/ 7\u2033\/ 8\u2033\/ 9\u2033\/ 10\u2033\/ 11\u2033\/ 12\u2033\/13\"\/ 14\"\/ 14.5\"\/ 16\"\/ 18\" - \u806f\u54c1","robots":{"index":"index","follow":"follow","max-snippet":"max-snippet:-1","max-image-preview":"max-image-preview:large","max-video-preview":"max-video-preview:-1"},"canonical":"https:\/\/luenpun.com.hk\/en\/product\/hks3240061\/","og_locale":"en_US","og_type":"article","og_title":"\u7af9\u7c602.5\"\/ 4\u2033\/ 4.5\u2033\/ 5\"\/ 6\u2033\/ 6.5\"\/ 7\u2033\/ 8\u2033\/ 9\u2033\/ 10\u2033\/ 11\u2033\/ 12\u2033\/13\"\/ 14\"\/ 14.5\"\/ 16\"\/ 18\" - \u806f\u54c1","og_description":"2.5\" : \u00d86cm, \u00d82.5\" [HKS3240061]  4\" : \u00d810cm, \u00d84\" [HKS3240033]  4.5\" : \u00d811.5cm, \u00d84.5\" [HKS3240031]  5\" : \u00d812.5cm, \u00d85\" [HKS3240029]  6\" : \u00d815cm, \u00d86\" [HKS3240027]  6.5\" : \u00d816.5cm, \u00d86.5\" [HKS3240025]  7\" : \u00d818cm, \u00d87\" [HKS3240023]  8\" : \u00d820.5cm, \u00d88\" [HKS3240021]  9\" : \u00d823cm, \u00d89\" [HKS3240019]  10\" : \u00d825.5cm, \u00d810\" [HKS3240017]  11\" : \u00d828cm, \u00d811\" [HKS3240015]  12\" : \u00d830.5cm, \u00d812\" [HKS3240013]  13\" : \u00d833cm, \u00d813\" [HKS3240011]  14\" : \u00d835.5cm, \u00d814\" [HKS3240103]  14.5\" : \u00d837cm, \u00d814.5\" [HKS3240009]  16\" : \u00d840.5cm, \u00d816\" [HKS3240007]  18\" :\u00d8 45.5cm, \u00d818\" [HKS3240005]","og_url":"https:\/\/luenpun.com.hk\/product\/hks3240061\/","og_site_name":"\u806f\u54c1","article_publisher":"https:\/\/www.facebook.com\/luenpunhk\/","article_modified_time":"2023-12-26T01:44:34+00:00","og_image":[{"width":1000,"height":1000,"url":"https:\/\/luenpun.com.hk\/wp-content\/uploads\/2023\/12\/HKS3240019.jpg","type":"image\/jpeg"}],"twitter_card":"summary_large_image","schema":{"@context":"https:\/\/schema.org","@graph":[{"@type":"WebPage","@id":"https:\/\/luenpun.com.hk\/product\/hks3240061\/","url":"https:\/\/luenpun.com.hk\/product\/hks3240061\/","name":"\u7af9\u7c60 2.5\"\/ 4\u2033\/ 4.5\u2033\/ 5\"\/ 6\u2033\/ 6.5\"\/ 7\u2033\/ 8\u2033\/ 9\u2033\/ 10\u2033\/ 11\u2033\/ 12\u2033\/13\"\/ 14\"\/ 14.5\"\/ 16\"\/ 18\" - \u806f\u54c1","isPartOf":{"@id":"https:\/\/luenpun.com.hk\/#website"},"datePublished":"2023-12-19T02:53:57+00:00","dateModified":"2023-12-26T01:44:34+00:00","breadcrumb":{"@id":"https:\/\/luenpun.com.hk\/product\/hks3240061\/#breadcrumb"},"inLanguage":"en-US","potentialAction":[{"@type":"ReadAction","target":["https:\/\/luenpun.com.hk\/product\/hks3240061\/"]}]},{"@type":"BreadcrumbList","@id":"https:\/\/luenpun.com.hk\/product\/hks3240061\/#breadcrumb","itemListElement":[{"@type":"ListItem","position":1,"name":"\u9996\u9801","item":"https:\/\/luenpun.com.hk\/en\/"},{"@type":"ListItem","position":2,"name":"Product","item":"https:\/\/luenpun.com.hk\/en\/shop\/"},{"@type":"ListItem","position":3,"name":"\u7af9\u7c602.5&#8243;\/ 4\u2033\/ 4.5\u2033\/ 5&#8243;\/ 6\u2033\/ 6.5&#8243;\/ 7\u2033\/ 8\u2033\/ 9\u2033\/ 10\u2033\/ 11\u2033\/ 12\u2033\/13&#8243;\/ 14&#8243;\/ 14.5&#8243;\/ 16&#8243;\/ 18&#8243;"}]},{"@type":"WebSite","@id":"https:\/\/luenpun.com.hk\/#website","url":"https:\/\/luenpun.com.hk\/","name":"\u806f\u54c1","description":"\u4e00\u7ad9\u5f0f\u5546\u7528\u5eda\u623f\u8a2d\u5099\u4f9b\u61c9\u5546","potentialAction":[{"@type":"SearchAction","target":{"@type":"EntryPoint","urlTemplate":"https:\/\/luenpun.com.hk\/?s={search_term_string}"},"query-input":"required name=search_term_string"}],"inLanguage":"en-US"}]}},"_links":{"self":[{"href":"https:\/\/luenpun.com.hk\/en\/wp-json\/wp\/v2\/product\/27258"}],"collection":[{"href":"https:\/\/luenpun.com.hk\/en\/wp-json\/wp\/v2\/product"}],"about":[{"href":"https:\/\/luenpun.com.hk\/en\/wp-json\/wp\/v2\/types\/product"}],"wp:featuredmedia":[{"embeddable":true,"href":"https:\/\/luenpun.com.hk\/en\/wp-json\/wp\/v2\/media\/27303"}],"wp:attachment":[{"href":"https:\/\/luenpun.com.hk\/en\/wp-json\/wp\/v2\/media?parent=27258"}],"wp:term":[{"taxonomy":"product_cat","embeddable":true,"href":"https:\/\/luenpun.com.hk\/en\/wp-json\/wp\/v2\/product_cat?post=27258"},{"taxonomy":"product_tag","embeddable":true,"href":"https:\/\/luenpun.com.hk\/en\/wp-json\/wp\/v2\/product_tag?post=27258"}],"curies":[{"name":"wp","href":"https:\/\/api.w.org\/{rel}","templated":true}]}}