{"id":27214,"date":"2023-12-18T11:31:11","date_gmt":"2023-12-18T03:31:11","guid":{"rendered":"https:\/\/luenpun.com.hk\/product\/%e4%b8%8d%e9%8a%b9%e9%8b%bc%e9%bc%93%e6%b2%b9%e5%85%9c4-5-5-5-6-5-7-8-8-5\/"},"modified":"2024-01-09T15:59:17","modified_gmt":"2024-01-09T07:59:17","slug":"g005z0096","status":"publish","type":"product","link":"https:\/\/luenpun.com.hk\/en\/product\/g005z0096\/","title":{"rendered":"\u4e0d\u92b9\u92fc\u9f13\u6cb9\u515c<br>4&#8243;\/ 5&#8243;\/ 5.5&#8243;\/ 6.5&#8243;\/ 7&#8243;\/ 8&#8243;\/ 8.5&#8243;"},"content":{"rendered":"","protected":false},"excerpt":{"rendered":"<p><strong>4&#8243;<\/strong> : \u00d810x8cm, \u00d84&#8243;x3&#8243; [G005Z0096]\n<strong>5&#8243;<\/strong> : \u00d813&#215;8.5cm, \u00d85&#8243;x3.5&#8243; [G005Z0095]\n<strong>5.5&#8243;<\/strong> : \u00d814x10cm, \u00d85.5&#8243;x4&#8243; [G005Z0094]\n<strong>6.5&#8243;<\/strong> : \u00d816x11cm, \u00d86.5&#8243;x4.5&#8243; [G005Z0093]\n<strong>7&#8243;<\/strong> : \u00d818x12cm, \u00d87&#8243;x4.5&#8243; [G005Z0092]\n<strong>8&#8243;<\/strong> : \u00d820x13cm, \u00d88&#8243;x5&#8243; [G005Z0091]\n<strong>8.5&#8243;<\/strong> : \u00d822x13cm, \u00d88.5&#8243;x5&#8243; [G005Z0090]\n","protected":false},"featured_media":27624,"template":"","meta":{"om_disable_all_campaigns":false,"_joinchat":[]},"product_cat":[719,161],"product_tag":[],"yoast_head":"<!-- This site is optimized with the Yoast SEO plugin v19.7.1 - https:\/\/yoast.com\/wordpress\/plugins\/seo\/ -->\n<title>\u4e0d\u92b9\u92fc\u9f13\u6cb9\u515c4&quot;\/ 5&quot;\/ 5.5&quot;\/ 6.5&quot;\/ 7&quot;\/ 8&quot;\/ 8.5&quot; - \u806f\u54c1<\/title>\n<meta name=\"robots\" content=\"index, follow, max-snippet:-1, max-image-preview:large, max-video-preview:-1\" \/>\n<link rel=\"canonical\" href=\"https:\/\/luenpun.com.hk\/en\/product\/g005z0096\/\" \/>\n<meta property=\"og:locale\" content=\"en_US\" \/>\n<meta property=\"og:type\" content=\"article\" \/>\n<meta property=\"og:title\" content=\"\u4e0d\u92b9\u92fc\u9f13\u6cb9\u515c4&quot;\/ 5&quot;\/ 5.5&quot;\/ 6.5&quot;\/ 7&quot;\/ 8&quot;\/ 8.5&quot; - \u806f\u54c1\" \/>\n<meta property=\"og:description\" content=\"4&quot; : \u00d810x8cm, \u00d84&quot;x3&quot; [G005Z0096] 5&quot; : \u00d813x8.5cm, \u00d85&quot;x3.5&quot; [G005Z0095] 5.5&quot; : \u00d814x10cm, \u00d85.5&quot;x4&quot; [G005Z0094] 6.5&quot; : \u00d816x11cm, \u00d86.5&quot;x4.5&quot; [G005Z0093] 7&quot; : \u00d818x12cm, \u00d87&quot;x4.5&quot; [G005Z0092] 8&quot; : \u00d820x13cm, \u00d88&quot;x5&quot; [G005Z0091] 8.5&quot; : \u00d822x13cm, \u00d88.5&quot;x5&quot; [G005Z0090]\" \/>\n<meta property=\"og:url\" content=\"https:\/\/luenpun.com.hk\/product\/g005z0096\/\" \/>\n<meta property=\"og:site_name\" content=\"\u806f\u54c1\" \/>\n<meta property=\"article:publisher\" content=\"https:\/\/www.facebook.com\/luenpunhk\/\" \/>\n<meta property=\"article:modified_time\" content=\"2024-01-09T07:59:17+00:00\" \/>\n<meta property=\"og:image\" content=\"https:\/\/luenpun.com.hk\/wp-content\/uploads\/2023\/12\/G005Z0090.jpg\" \/>\n\t<meta property=\"og:image:width\" content=\"900\" \/>\n\t<meta property=\"og:image:height\" content=\"900\" \/>\n\t<meta property=\"og:image:type\" content=\"image\/jpeg\" \/>\n<meta name=\"twitter:card\" content=\"summary_large_image\" \/>\n<script type=\"application\/ld+json\" class=\"yoast-schema-graph\">{\"@context\":\"https:\/\/schema.org\",\"@graph\":[{\"@type\":\"WebPage\",\"@id\":\"https:\/\/luenpun.com.hk\/product\/g005z0096\/\",\"url\":\"https:\/\/luenpun.com.hk\/product\/g005z0096\/\",\"name\":\"\u4e0d\u92b9\u92fc\u9f13\u6cb9\u515c 4\\\"\/ 5\\\"\/ 5.5\\\"\/ 6.5\\\"\/ 7\\\"\/ 8\\\"\/ 8.5\\\" - \u806f\u54c1\",\"isPartOf\":{\"@id\":\"https:\/\/luenpun.com.hk\/#website\"},\"datePublished\":\"2023-12-18T03:31:11+00:00\",\"dateModified\":\"2024-01-09T07:59:17+00:00\",\"breadcrumb\":{\"@id\":\"https:\/\/luenpun.com.hk\/product\/g005z0096\/#breadcrumb\"},\"inLanguage\":\"en-US\",\"potentialAction\":[{\"@type\":\"ReadAction\",\"target\":[\"https:\/\/luenpun.com.hk\/product\/g005z0096\/\"]}]},{\"@type\":\"BreadcrumbList\",\"@id\":\"https:\/\/luenpun.com.hk\/product\/g005z0096\/#breadcrumb\",\"itemListElement\":[{\"@type\":\"ListItem\",\"position\":1,\"name\":\"\u9996\u9801\",\"item\":\"https:\/\/luenpun.com.hk\/en\/\"},{\"@type\":\"ListItem\",\"position\":2,\"name\":\"Product\",\"item\":\"https:\/\/luenpun.com.hk\/en\/shop\/\"},{\"@type\":\"ListItem\",\"position\":3,\"name\":\"\u4e0d\u92b9\u92fc\u9f13\u6cb9\u515c4&#8243;\/ 5&#8243;\/ 5.5&#8243;\/ 6.5&#8243;\/ 7&#8243;\/ 8&#8243;\/ 8.5&#8243;\"}]},{\"@type\":\"WebSite\",\"@id\":\"https:\/\/luenpun.com.hk\/#website\",\"url\":\"https:\/\/luenpun.com.hk\/\",\"name\":\"\u806f\u54c1\",\"description\":\"\u4e00\u7ad9\u5f0f\u5546\u7528\u5eda\u623f\u8a2d\u5099\u4f9b\u61c9\u5546\",\"potentialAction\":[{\"@type\":\"SearchAction\",\"target\":{\"@type\":\"EntryPoint\",\"urlTemplate\":\"https:\/\/luenpun.com.hk\/?s={search_term_string}\"},\"query-input\":\"required name=search_term_string\"}],\"inLanguage\":\"en-US\"}]}<\/script>\n<!-- \/ Yoast SEO plugin. -->","yoast_head_json":{"title":"\u4e0d\u92b9\u92fc\u9f13\u6cb9\u515c4\"\/ 5\"\/ 5.5\"\/ 6.5\"\/ 7\"\/ 8\"\/ 8.5\" - \u806f\u54c1","robots":{"index":"index","follow":"follow","max-snippet":"max-snippet:-1","max-image-preview":"max-image-preview:large","max-video-preview":"max-video-preview:-1"},"canonical":"https:\/\/luenpun.com.hk\/en\/product\/g005z0096\/","og_locale":"en_US","og_type":"article","og_title":"\u4e0d\u92b9\u92fc\u9f13\u6cb9\u515c4\"\/ 5\"\/ 5.5\"\/ 6.5\"\/ 7\"\/ 8\"\/ 8.5\" - \u806f\u54c1","og_description":"4\" : \u00d810x8cm, \u00d84\"x3\" [G005Z0096] 5\" : \u00d813x8.5cm, \u00d85\"x3.5\" [G005Z0095] 5.5\" : \u00d814x10cm, \u00d85.5\"x4\" [G005Z0094] 6.5\" : \u00d816x11cm, \u00d86.5\"x4.5\" [G005Z0093] 7\" : \u00d818x12cm, \u00d87\"x4.5\" [G005Z0092] 8\" : \u00d820x13cm, \u00d88\"x5\" [G005Z0091] 8.5\" : \u00d822x13cm, \u00d88.5\"x5\" [G005Z0090]","og_url":"https:\/\/luenpun.com.hk\/product\/g005z0096\/","og_site_name":"\u806f\u54c1","article_publisher":"https:\/\/www.facebook.com\/luenpunhk\/","article_modified_time":"2024-01-09T07:59:17+00:00","og_image":[{"width":900,"height":900,"url":"https:\/\/luenpun.com.hk\/wp-content\/uploads\/2023\/12\/G005Z0090.jpg","type":"image\/jpeg"}],"twitter_card":"summary_large_image","schema":{"@context":"https:\/\/schema.org","@graph":[{"@type":"WebPage","@id":"https:\/\/luenpun.com.hk\/product\/g005z0096\/","url":"https:\/\/luenpun.com.hk\/product\/g005z0096\/","name":"\u4e0d\u92b9\u92fc\u9f13\u6cb9\u515c 4\"\/ 5\"\/ 5.5\"\/ 6.5\"\/ 7\"\/ 8\"\/ 8.5\" - \u806f\u54c1","isPartOf":{"@id":"https:\/\/luenpun.com.hk\/#website"},"datePublished":"2023-12-18T03:31:11+00:00","dateModified":"2024-01-09T07:59:17+00:00","breadcrumb":{"@id":"https:\/\/luenpun.com.hk\/product\/g005z0096\/#breadcrumb"},"inLanguage":"en-US","potentialAction":[{"@type":"ReadAction","target":["https:\/\/luenpun.com.hk\/product\/g005z0096\/"]}]},{"@type":"BreadcrumbList","@id":"https:\/\/luenpun.com.hk\/product\/g005z0096\/#breadcrumb","itemListElement":[{"@type":"ListItem","position":1,"name":"\u9996\u9801","item":"https:\/\/luenpun.com.hk\/en\/"},{"@type":"ListItem","position":2,"name":"Product","item":"https:\/\/luenpun.com.hk\/en\/shop\/"},{"@type":"ListItem","position":3,"name":"\u4e0d\u92b9\u92fc\u9f13\u6cb9\u515c4&#8243;\/ 5&#8243;\/ 5.5&#8243;\/ 6.5&#8243;\/ 7&#8243;\/ 8&#8243;\/ 8.5&#8243;"}]},{"@type":"WebSite","@id":"https:\/\/luenpun.com.hk\/#website","url":"https:\/\/luenpun.com.hk\/","name":"\u806f\u54c1","description":"\u4e00\u7ad9\u5f0f\u5546\u7528\u5eda\u623f\u8a2d\u5099\u4f9b\u61c9\u5546","potentialAction":[{"@type":"SearchAction","target":{"@type":"EntryPoint","urlTemplate":"https:\/\/luenpun.com.hk\/?s={search_term_string}"},"query-input":"required name=search_term_string"}],"inLanguage":"en-US"}]}},"_links":{"self":[{"href":"https:\/\/luenpun.com.hk\/en\/wp-json\/wp\/v2\/product\/27214"}],"collection":[{"href":"https:\/\/luenpun.com.hk\/en\/wp-json\/wp\/v2\/product"}],"about":[{"href":"https:\/\/luenpun.com.hk\/en\/wp-json\/wp\/v2\/types\/product"}],"wp:featuredmedia":[{"embeddable":true,"href":"https:\/\/luenpun.com.hk\/en\/wp-json\/wp\/v2\/media\/27624"}],"wp:attachment":[{"href":"https:\/\/luenpun.com.hk\/en\/wp-json\/wp\/v2\/media?parent=27214"}],"wp:term":[{"taxonomy":"product_cat","embeddable":true,"href":"https:\/\/luenpun.com.hk\/en\/wp-json\/wp\/v2\/product_cat?post=27214"},{"taxonomy":"product_tag","embeddable":true,"href":"https:\/\/luenpun.com.hk\/en\/wp-json\/wp\/v2\/product_tag?post=27214"}],"curies":[{"name":"wp","href":"https:\/\/api.w.org\/{rel}","templated":true}]}}