{"id":27211,"date":"2023-12-18T11:31:09","date_gmt":"2023-12-18T03:31:09","guid":{"rendered":"https:\/\/luenpun.com.hk\/product\/%e4%b8%8d%e9%8a%b9%e9%8b%bc%e7%89%a9%e6%96%99%e7%a2%97\/"},"modified":"2024-01-08T16:31:38","modified_gmt":"2024-01-08T08:31:38","slug":"l004p0001","status":"publish","type":"product","link":"https:\/\/luenpun.com.hk\/en\/product\/l004p0001\/","title":{"rendered":"\u4e0d\u92b9\u92fc\u7269\u6599\u7897 <br>S2322\/ S2324\/ S2326\/ S2328\/ S2330\/ S2332\/ S2334\/ S2336"},"content":{"rendered":"","protected":false},"excerpt":{"rendered":"<p><strong>S2332 <\/strong>: \u00d818cm, \u00d87&#8243; [L004P0001]<strong><br \/>\nS2320 <\/strong>: \u00d820cm, \u00d88&#8243; [L004P0002]<strong><br \/>\nS2320 <\/strong>: \u00d822cm, \u00d88.5&#8243; [L004P0003]\n<strong>S2324<\/strong> : \u00d824cm, \u00d89.5&#8243; [L004P0004]\n<strong>S2326<\/strong> : \u00d826cm, \u00d810&#8243; [L004P0005]\n<strong>S2328<\/strong> : \u00d828cm, \u00d811&#8243; [L004P0006]\n<strong>S2330<\/strong> : \u00d830cm, \u00d812&#8243; [L004P0007]\n<strong>S2332<\/strong> : \u00d832cm, \u00d812.5&#8243; [L004P0008]\n<strong>S2334<\/strong> : \u00d834cm, \u00d813.5&#8243; [L004P0009]\n<strong>S2336<\/strong> : \u00d836cm, \u00d814&#8243; [L004P0010]\n","protected":false},"featured_media":27588,"template":"","meta":{"om_disable_all_campaigns":false,"_joinchat":[]},"product_cat":[719,161],"product_tag":[],"yoast_head":"<!-- This site is optimized with the Yoast SEO plugin v19.7.1 - https:\/\/yoast.com\/wordpress\/plugins\/seo\/ -->\n<title>\u4e0d\u92b9\u92fc\u7269\u6599\u7897 S2322\/ S2324\/ S2326\/ S2328\/ S2330\/ S2332\/ S2334\/ S2336 - \u806f\u54c1<\/title>\n<meta name=\"robots\" content=\"index, follow, max-snippet:-1, max-image-preview:large, max-video-preview:-1\" \/>\n<link rel=\"canonical\" href=\"https:\/\/luenpun.com.hk\/en\/product\/l004p0001\/\" \/>\n<meta property=\"og:locale\" content=\"en_US\" \/>\n<meta property=\"og:type\" content=\"article\" \/>\n<meta property=\"og:title\" content=\"\u4e0d\u92b9\u92fc\u7269\u6599\u7897 S2322\/ S2324\/ S2326\/ S2328\/ S2330\/ S2332\/ S2334\/ S2336 - \u806f\u54c1\" \/>\n<meta property=\"og:description\" content=\"S2332 : \u00d818cm, \u00d87&quot; [L004P0001] S2320 : \u00d820cm, \u00d88&quot; [L004P0002] S2320 : \u00d822cm, \u00d88.5&quot; [L004P0003] S2324 : \u00d824cm, \u00d89.5&quot; [L004P0004] S2326 : \u00d826cm, \u00d810&quot; [L004P0005] S2328 : \u00d828cm, \u00d811&quot; [L004P0006] S2330 : \u00d830cm, \u00d812&quot; [L004P0007] S2332 : \u00d832cm, \u00d812.5&quot; [L004P0008] S2334 : \u00d834cm, \u00d813.5&quot; [L004P0009] S2336 : \u00d836cm, \u00d814&quot; [L004P0010]\" \/>\n<meta property=\"og:url\" content=\"https:\/\/luenpun.com.hk\/product\/l004p0001\/\" \/>\n<meta property=\"og:site_name\" content=\"\u806f\u54c1\" \/>\n<meta property=\"article:publisher\" content=\"https:\/\/www.facebook.com\/luenpunhk\/\" \/>\n<meta property=\"article:modified_time\" content=\"2024-01-08T08:31:38+00:00\" \/>\n<meta property=\"og:image\" content=\"https:\/\/luenpun.com.hk\/wp-content\/uploads\/2023\/12\/HKS0340043.jpg\" \/>\n\t<meta property=\"og:image:width\" content=\"1000\" \/>\n\t<meta property=\"og:image:height\" content=\"1000\" \/>\n\t<meta property=\"og:image:type\" content=\"image\/jpeg\" \/>\n<meta name=\"twitter:card\" content=\"summary_large_image\" \/>\n<script type=\"application\/ld+json\" class=\"yoast-schema-graph\">{\"@context\":\"https:\/\/schema.org\",\"@graph\":[{\"@type\":\"WebPage\",\"@id\":\"https:\/\/luenpun.com.hk\/product\/l004p0001\/\",\"url\":\"https:\/\/luenpun.com.hk\/product\/l004p0001\/\",\"name\":\"\u4e0d\u92b9\u92fc\u7269\u6599\u7897 S2322\/ S2324\/ S2326\/ S2328\/ S2330\/ S2332\/ S2334\/ S2336 - \u806f\u54c1\",\"isPartOf\":{\"@id\":\"https:\/\/luenpun.com.hk\/#website\"},\"datePublished\":\"2023-12-18T03:31:09+00:00\",\"dateModified\":\"2024-01-08T08:31:38+00:00\",\"breadcrumb\":{\"@id\":\"https:\/\/luenpun.com.hk\/product\/l004p0001\/#breadcrumb\"},\"inLanguage\":\"en-US\",\"potentialAction\":[{\"@type\":\"ReadAction\",\"target\":[\"https:\/\/luenpun.com.hk\/product\/l004p0001\/\"]}]},{\"@type\":\"BreadcrumbList\",\"@id\":\"https:\/\/luenpun.com.hk\/product\/l004p0001\/#breadcrumb\",\"itemListElement\":[{\"@type\":\"ListItem\",\"position\":1,\"name\":\"\u9996\u9801\",\"item\":\"https:\/\/luenpun.com.hk\/en\/\"},{\"@type\":\"ListItem\",\"position\":2,\"name\":\"Product\",\"item\":\"https:\/\/luenpun.com.hk\/en\/shop\/\"},{\"@type\":\"ListItem\",\"position\":3,\"name\":\"\u4e0d\u92b9\u92fc\u7269\u6599\u7897 S2322\/ S2324\/ S2326\/ S2328\/ S2330\/ S2332\/ S2334\/ S2336\"}]},{\"@type\":\"WebSite\",\"@id\":\"https:\/\/luenpun.com.hk\/#website\",\"url\":\"https:\/\/luenpun.com.hk\/\",\"name\":\"\u806f\u54c1\",\"description\":\"\u4e00\u7ad9\u5f0f\u5546\u7528\u5eda\u623f\u8a2d\u5099\u4f9b\u61c9\u5546\",\"potentialAction\":[{\"@type\":\"SearchAction\",\"target\":{\"@type\":\"EntryPoint\",\"urlTemplate\":\"https:\/\/luenpun.com.hk\/?s={search_term_string}\"},\"query-input\":\"required name=search_term_string\"}],\"inLanguage\":\"en-US\"}]}<\/script>\n<!-- \/ Yoast SEO plugin. -->","yoast_head_json":{"title":"\u4e0d\u92b9\u92fc\u7269\u6599\u7897 S2322\/ S2324\/ S2326\/ S2328\/ S2330\/ S2332\/ S2334\/ S2336 - \u806f\u54c1","robots":{"index":"index","follow":"follow","max-snippet":"max-snippet:-1","max-image-preview":"max-image-preview:large","max-video-preview":"max-video-preview:-1"},"canonical":"https:\/\/luenpun.com.hk\/en\/product\/l004p0001\/","og_locale":"en_US","og_type":"article","og_title":"\u4e0d\u92b9\u92fc\u7269\u6599\u7897 S2322\/ S2324\/ S2326\/ S2328\/ S2330\/ S2332\/ S2334\/ S2336 - \u806f\u54c1","og_description":"S2332 : \u00d818cm, \u00d87\" [L004P0001] S2320 : \u00d820cm, \u00d88\" [L004P0002] S2320 : \u00d822cm, \u00d88.5\" [L004P0003] S2324 : \u00d824cm, \u00d89.5\" [L004P0004] S2326 : \u00d826cm, \u00d810\" [L004P0005] S2328 : \u00d828cm, \u00d811\" [L004P0006] S2330 : \u00d830cm, \u00d812\" [L004P0007] S2332 : \u00d832cm, \u00d812.5\" [L004P0008] S2334 : \u00d834cm, \u00d813.5\" [L004P0009] S2336 : \u00d836cm, \u00d814\" [L004P0010]","og_url":"https:\/\/luenpun.com.hk\/product\/l004p0001\/","og_site_name":"\u806f\u54c1","article_publisher":"https:\/\/www.facebook.com\/luenpunhk\/","article_modified_time":"2024-01-08T08:31:38+00:00","og_image":[{"width":1000,"height":1000,"url":"https:\/\/luenpun.com.hk\/wp-content\/uploads\/2023\/12\/HKS0340043.jpg","type":"image\/jpeg"}],"twitter_card":"summary_large_image","schema":{"@context":"https:\/\/schema.org","@graph":[{"@type":"WebPage","@id":"https:\/\/luenpun.com.hk\/product\/l004p0001\/","url":"https:\/\/luenpun.com.hk\/product\/l004p0001\/","name":"\u4e0d\u92b9\u92fc\u7269\u6599\u7897 S2322\/ S2324\/ S2326\/ S2328\/ S2330\/ S2332\/ S2334\/ S2336 - \u806f\u54c1","isPartOf":{"@id":"https:\/\/luenpun.com.hk\/#website"},"datePublished":"2023-12-18T03:31:09+00:00","dateModified":"2024-01-08T08:31:38+00:00","breadcrumb":{"@id":"https:\/\/luenpun.com.hk\/product\/l004p0001\/#breadcrumb"},"inLanguage":"en-US","potentialAction":[{"@type":"ReadAction","target":["https:\/\/luenpun.com.hk\/product\/l004p0001\/"]}]},{"@type":"BreadcrumbList","@id":"https:\/\/luenpun.com.hk\/product\/l004p0001\/#breadcrumb","itemListElement":[{"@type":"ListItem","position":1,"name":"\u9996\u9801","item":"https:\/\/luenpun.com.hk\/en\/"},{"@type":"ListItem","position":2,"name":"Product","item":"https:\/\/luenpun.com.hk\/en\/shop\/"},{"@type":"ListItem","position":3,"name":"\u4e0d\u92b9\u92fc\u7269\u6599\u7897 S2322\/ S2324\/ S2326\/ S2328\/ S2330\/ S2332\/ S2334\/ S2336"}]},{"@type":"WebSite","@id":"https:\/\/luenpun.com.hk\/#website","url":"https:\/\/luenpun.com.hk\/","name":"\u806f\u54c1","description":"\u4e00\u7ad9\u5f0f\u5546\u7528\u5eda\u623f\u8a2d\u5099\u4f9b\u61c9\u5546","potentialAction":[{"@type":"SearchAction","target":{"@type":"EntryPoint","urlTemplate":"https:\/\/luenpun.com.hk\/?s={search_term_string}"},"query-input":"required name=search_term_string"}],"inLanguage":"en-US"}]}},"_links":{"self":[{"href":"https:\/\/luenpun.com.hk\/en\/wp-json\/wp\/v2\/product\/27211"}],"collection":[{"href":"https:\/\/luenpun.com.hk\/en\/wp-json\/wp\/v2\/product"}],"about":[{"href":"https:\/\/luenpun.com.hk\/en\/wp-json\/wp\/v2\/types\/product"}],"wp:featuredmedia":[{"embeddable":true,"href":"https:\/\/luenpun.com.hk\/en\/wp-json\/wp\/v2\/media\/27588"}],"wp:attachment":[{"href":"https:\/\/luenpun.com.hk\/en\/wp-json\/wp\/v2\/media?parent=27211"}],"wp:term":[{"taxonomy":"product_cat","embeddable":true,"href":"https:\/\/luenpun.com.hk\/en\/wp-json\/wp\/v2\/product_cat?post=27211"},{"taxonomy":"product_tag","embeddable":true,"href":"https:\/\/luenpun.com.hk\/en\/wp-json\/wp\/v2\/product_tag?post=27211"}],"curies":[{"name":"wp","href":"https:\/\/api.w.org\/{rel}","templated":true}]}}