{"id":27108,"date":"2023-12-15T11:13:06","date_gmt":"2023-12-15T03:13:06","guid":{"rendered":"https:\/\/luenpun.com.hk\/product\/%e4%b8%8d%e9%8a%b9%e9%8b%bc%e8%a4%87%e5%90%88%e5%ba%95%e6%b9%af%e7%85%b2-2\/"},"modified":"2025-12-30T17:34:53","modified_gmt":"2025-12-30T09:34:53","slug":"%e4%b8%8d%e9%8a%b9%e9%8b%bc%e8%a4%87%e5%90%88%e5%ba%95%e6%b9%af%e7%85%b2-2","status":"publish","type":"product","link":"https:\/\/luenpun.com.hk\/en\/product\/%e4%b8%8d%e9%8a%b9%e9%8b%bc%e8%a4%87%e5%90%88%e5%ba%95%e6%b9%af%e7%85%b2-2\/","title":{"rendered":"\u4e0d\u92b9\u92fc\u8907\u5408\u5e95\u96d9\u8033\u6e6f\u7172"},"content":{"rendered":"","protected":false},"excerpt":{"rendered":"<p>1) \u00d820x20cm, \u00d88&#8243;x8&#8243; [L002P0001]\n2) \u00d822x22cm, \u00d88.5&#8243;x8.5&#8243; [L002P0002]\n3) 17L, \u00d828x28cm, \u00d811&#8243;x11&#8243; [L002P0004]\n4) 21L, \u00d830x30cm, \u00d812&#8243;x12&#8243; [L002P0005]\n5) 25L, \u00d832x32cm, \u00d812.5&#8243;x12.5&#8243; [L002P0006]\n6) 36L, \u00d836x36cm, \u00d814&#8243;x14&#8243; [L002P0007]\n7) 50L, \u00d840x40cm, \u00d815.5&#8243;x15.5&#8243; [L002P0008]\n8) 71L, \u00d845x45cm, \u00d817.5&#8243;x17.5&#8243; [L002P0009]\n9) 81L, \u00d850x50cm, \u00d819.5&#8243;x19.5&#8243; [L002P0010]\n10) \u00d855x55cm, \u00d821.5&#8243;x21.5&#8243; [L002P0011]\n11) \u00d860x60cm, \u00d823.5&#8243;x23.5&#8243; [L002P0012]\n","protected":false},"featured_media":94225,"template":"","meta":{"om_disable_all_campaigns":false,"_joinchat":[]},"product_cat":[161,720],"product_tag":[],"yoast_head":"<!-- This site is optimized with the Yoast SEO plugin v19.7.1 - https:\/\/yoast.com\/wordpress\/plugins\/seo\/ -->\n<title>\u4e0d\u92b9\u92fc\u8907\u5408\u5e95\u96d9\u8033\u6e6f\u7172 - \u806f\u54c1<\/title>\n<meta name=\"robots\" content=\"index, follow, max-snippet:-1, max-image-preview:large, max-video-preview:-1\" \/>\n<link rel=\"canonical\" href=\"https:\/\/luenpun.com.hk\/en\/product\/\u4e0d\u92b9\u92fc\u8907\u5408\u5e95\u6e6f\u7172-2\/\" \/>\n<meta property=\"og:locale\" content=\"en_US\" \/>\n<meta property=\"og:type\" content=\"article\" \/>\n<meta property=\"og:title\" content=\"\u4e0d\u92b9\u92fc\u8907\u5408\u5e95\u96d9\u8033\u6e6f\u7172 - \u806f\u54c1\" \/>\n<meta property=\"og:description\" content=\"1) \u00d820x20cm, \u00d88&quot;x8&quot; [L002P0001] 2) \u00d822x22cm, \u00d88.5&quot;x8.5&quot; [L002P0002] 3) 17L, \u00d828x28cm, \u00d811&quot;x11&quot; [L002P0004] 4) 21L, \u00d830x30cm, \u00d812&quot;x12&quot; [L002P0005] 5) 25L, \u00d832x32cm, \u00d812.5&quot;x12.5&quot; [L002P0006] 6) 36L, \u00d836x36cm, \u00d814&quot;x14&quot; [L002P0007] 7) 50L, \u00d840x40cm, \u00d815.5&quot;x15.5&quot; [L002P0008] 8) 71L, \u00d845x45cm, \u00d817.5&quot;x17.5&quot; [L002P0009] 9) 81L, \u00d850x50cm, \u00d819.5&quot;x19.5&quot; [L002P0010] 10) \u00d855x55cm, \u00d821.5&quot;x21.5&quot; [L002P0011] 11) \u00d860x60cm, \u00d823.5&quot;x23.5&quot; [L002P0012]\" \/>\n<meta property=\"og:url\" content=\"https:\/\/luenpun.com.hk\/product\/\u4e0d\u92b9\u92fc\u8907\u5408\u5e95\u6e6f\u7172-2\/\" \/>\n<meta property=\"og:site_name\" content=\"\u806f\u54c1\" \/>\n<meta property=\"article:publisher\" content=\"https:\/\/www.facebook.com\/luenpunhk\/\" \/>\n<meta property=\"article:modified_time\" content=\"2025-12-30T09:34:53+00:00\" \/>\n<meta property=\"og:image\" content=\"https:\/\/luenpun.com.hk\/wp-content\/uploads\/2023\/12\/L002P0001.jpg\" \/>\n\t<meta property=\"og:image:width\" content=\"900\" \/>\n\t<meta property=\"og:image:height\" content=\"900\" \/>\n\t<meta property=\"og:image:type\" content=\"image\/jpeg\" \/>\n<meta name=\"twitter:card\" content=\"summary_large_image\" \/>\n<script type=\"application\/ld+json\" class=\"yoast-schema-graph\">{\"@context\":\"https:\/\/schema.org\",\"@graph\":[{\"@type\":\"WebPage\",\"@id\":\"https:\/\/luenpun.com.hk\/product\/%e4%b8%8d%e9%8a%b9%e9%8b%bc%e8%a4%87%e5%90%88%e5%ba%95%e6%b9%af%e7%85%b2-2\/\",\"url\":\"https:\/\/luenpun.com.hk\/product\/%e4%b8%8d%e9%8a%b9%e9%8b%bc%e8%a4%87%e5%90%88%e5%ba%95%e6%b9%af%e7%85%b2-2\/\",\"name\":\"\u4e0d\u92b9\u92fc\u8907\u5408\u5e95\u96d9\u8033\u6e6f\u7172 - \u806f\u54c1\",\"isPartOf\":{\"@id\":\"https:\/\/luenpun.com.hk\/#website\"},\"datePublished\":\"2023-12-15T03:13:06+00:00\",\"dateModified\":\"2025-12-30T09:34:53+00:00\",\"breadcrumb\":{\"@id\":\"https:\/\/luenpun.com.hk\/product\/%e4%b8%8d%e9%8a%b9%e9%8b%bc%e8%a4%87%e5%90%88%e5%ba%95%e6%b9%af%e7%85%b2-2\/#breadcrumb\"},\"inLanguage\":\"en-US\",\"potentialAction\":[{\"@type\":\"ReadAction\",\"target\":[\"https:\/\/luenpun.com.hk\/product\/%e4%b8%8d%e9%8a%b9%e9%8b%bc%e8%a4%87%e5%90%88%e5%ba%95%e6%b9%af%e7%85%b2-2\/\"]}]},{\"@type\":\"BreadcrumbList\",\"@id\":\"https:\/\/luenpun.com.hk\/product\/%e4%b8%8d%e9%8a%b9%e9%8b%bc%e8%a4%87%e5%90%88%e5%ba%95%e6%b9%af%e7%85%b2-2\/#breadcrumb\",\"itemListElement\":[{\"@type\":\"ListItem\",\"position\":1,\"name\":\"\u9996\u9801\",\"item\":\"https:\/\/luenpun.com.hk\/en\/\"},{\"@type\":\"ListItem\",\"position\":2,\"name\":\"Product\",\"item\":\"https:\/\/luenpun.com.hk\/en\/shop\/\"},{\"@type\":\"ListItem\",\"position\":3,\"name\":\"\u4e0d\u92b9\u92fc\u8907\u5408\u5e95\u96d9\u8033\u6e6f\u7172\"}]},{\"@type\":\"WebSite\",\"@id\":\"https:\/\/luenpun.com.hk\/#website\",\"url\":\"https:\/\/luenpun.com.hk\/\",\"name\":\"\u806f\u54c1\",\"description\":\"\u4e00\u7ad9\u5f0f\u5546\u7528\u5eda\u623f\u8a2d\u5099\u4f9b\u61c9\u5546\",\"potentialAction\":[{\"@type\":\"SearchAction\",\"target\":{\"@type\":\"EntryPoint\",\"urlTemplate\":\"https:\/\/luenpun.com.hk\/?s={search_term_string}\"},\"query-input\":\"required name=search_term_string\"}],\"inLanguage\":\"en-US\"}]}<\/script>\n<!-- \/ Yoast SEO plugin. -->","yoast_head_json":{"title":"\u4e0d\u92b9\u92fc\u8907\u5408\u5e95\u96d9\u8033\u6e6f\u7172 - \u806f\u54c1","robots":{"index":"index","follow":"follow","max-snippet":"max-snippet:-1","max-image-preview":"max-image-preview:large","max-video-preview":"max-video-preview:-1"},"canonical":"https:\/\/luenpun.com.hk\/en\/product\/\u4e0d\u92b9\u92fc\u8907\u5408\u5e95\u6e6f\u7172-2\/","og_locale":"en_US","og_type":"article","og_title":"\u4e0d\u92b9\u92fc\u8907\u5408\u5e95\u96d9\u8033\u6e6f\u7172 - \u806f\u54c1","og_description":"1) \u00d820x20cm, \u00d88\"x8\" [L002P0001] 2) \u00d822x22cm, \u00d88.5\"x8.5\" [L002P0002] 3) 17L, \u00d828x28cm, \u00d811\"x11\" [L002P0004] 4) 21L, \u00d830x30cm, \u00d812\"x12\" [L002P0005] 5) 25L, \u00d832x32cm, \u00d812.5\"x12.5\" [L002P0006] 6) 36L, \u00d836x36cm, \u00d814\"x14\" [L002P0007] 7) 50L, \u00d840x40cm, \u00d815.5\"x15.5\" [L002P0008] 8) 71L, \u00d845x45cm, \u00d817.5\"x17.5\" [L002P0009] 9) 81L, \u00d850x50cm, \u00d819.5\"x19.5\" [L002P0010] 10) \u00d855x55cm, \u00d821.5\"x21.5\" [L002P0011] 11) \u00d860x60cm, \u00d823.5\"x23.5\" [L002P0012]","og_url":"https:\/\/luenpun.com.hk\/product\/\u4e0d\u92b9\u92fc\u8907\u5408\u5e95\u6e6f\u7172-2\/","og_site_name":"\u806f\u54c1","article_publisher":"https:\/\/www.facebook.com\/luenpunhk\/","article_modified_time":"2025-12-30T09:34:53+00:00","og_image":[{"width":900,"height":900,"url":"https:\/\/luenpun.com.hk\/wp-content\/uploads\/2023\/12\/L002P0001.jpg","type":"image\/jpeg"}],"twitter_card":"summary_large_image","schema":{"@context":"https:\/\/schema.org","@graph":[{"@type":"WebPage","@id":"https:\/\/luenpun.com.hk\/product\/%e4%b8%8d%e9%8a%b9%e9%8b%bc%e8%a4%87%e5%90%88%e5%ba%95%e6%b9%af%e7%85%b2-2\/","url":"https:\/\/luenpun.com.hk\/product\/%e4%b8%8d%e9%8a%b9%e9%8b%bc%e8%a4%87%e5%90%88%e5%ba%95%e6%b9%af%e7%85%b2-2\/","name":"\u4e0d\u92b9\u92fc\u8907\u5408\u5e95\u96d9\u8033\u6e6f\u7172 - \u806f\u54c1","isPartOf":{"@id":"https:\/\/luenpun.com.hk\/#website"},"datePublished":"2023-12-15T03:13:06+00:00","dateModified":"2025-12-30T09:34:53+00:00","breadcrumb":{"@id":"https:\/\/luenpun.com.hk\/product\/%e4%b8%8d%e9%8a%b9%e9%8b%bc%e8%a4%87%e5%90%88%e5%ba%95%e6%b9%af%e7%85%b2-2\/#breadcrumb"},"inLanguage":"en-US","potentialAction":[{"@type":"ReadAction","target":["https:\/\/luenpun.com.hk\/product\/%e4%b8%8d%e9%8a%b9%e9%8b%bc%e8%a4%87%e5%90%88%e5%ba%95%e6%b9%af%e7%85%b2-2\/"]}]},{"@type":"BreadcrumbList","@id":"https:\/\/luenpun.com.hk\/product\/%e4%b8%8d%e9%8a%b9%e9%8b%bc%e8%a4%87%e5%90%88%e5%ba%95%e6%b9%af%e7%85%b2-2\/#breadcrumb","itemListElement":[{"@type":"ListItem","position":1,"name":"\u9996\u9801","item":"https:\/\/luenpun.com.hk\/en\/"},{"@type":"ListItem","position":2,"name":"Product","item":"https:\/\/luenpun.com.hk\/en\/shop\/"},{"@type":"ListItem","position":3,"name":"\u4e0d\u92b9\u92fc\u8907\u5408\u5e95\u96d9\u8033\u6e6f\u7172"}]},{"@type":"WebSite","@id":"https:\/\/luenpun.com.hk\/#website","url":"https:\/\/luenpun.com.hk\/","name":"\u806f\u54c1","description":"\u4e00\u7ad9\u5f0f\u5546\u7528\u5eda\u623f\u8a2d\u5099\u4f9b\u61c9\u5546","potentialAction":[{"@type":"SearchAction","target":{"@type":"EntryPoint","urlTemplate":"https:\/\/luenpun.com.hk\/?s={search_term_string}"},"query-input":"required name=search_term_string"}],"inLanguage":"en-US"}]}},"_links":{"self":[{"href":"https:\/\/luenpun.com.hk\/en\/wp-json\/wp\/v2\/product\/27108"}],"collection":[{"href":"https:\/\/luenpun.com.hk\/en\/wp-json\/wp\/v2\/product"}],"about":[{"href":"https:\/\/luenpun.com.hk\/en\/wp-json\/wp\/v2\/types\/product"}],"wp:featuredmedia":[{"embeddable":true,"href":"https:\/\/luenpun.com.hk\/en\/wp-json\/wp\/v2\/media\/94225"}],"wp:attachment":[{"href":"https:\/\/luenpun.com.hk\/en\/wp-json\/wp\/v2\/media?parent=27108"}],"wp:term":[{"taxonomy":"product_cat","embeddable":true,"href":"https:\/\/luenpun.com.hk\/en\/wp-json\/wp\/v2\/product_cat?post=27108"},{"taxonomy":"product_tag","embeddable":true,"href":"https:\/\/luenpun.com.hk\/en\/wp-json\/wp\/v2\/product_tag?post=27108"}],"curies":[{"name":"wp","href":"https:\/\/api.w.org\/{rel}","templated":true}]}}