{"id":27100,"date":"2023-12-15T11:13:01","date_gmt":"2023-12-15T03:13:01","guid":{"rendered":"https:\/\/luenpun.com.hk\/product\/%e4%b8%8d%e9%8a%b9%e9%8b%bc%e8%a4%87%e5%90%88%e5%ba%95%e7%85%8e%e9%8d%8b\/"},"modified":"2025-12-30T17:35:44","modified_gmt":"2025-12-30T09:35:44","slug":"l002p0130","status":"publish","type":"product","link":"https:\/\/luenpun.com.hk\/en\/product\/l002p0130\/","title":{"rendered":"\u4e0d\u92b9\u92fc\u8907\u5408\u5e95\u55ae\u67c4\u714e\u934b"},"content":{"rendered":"","protected":false},"excerpt":{"rendered":"<p>1) \u00d820cm, \u00d88&#8243; [L002P0130]\n2) \u00d822cm, \u00d88.5&#8243; [L002P0131]\n3) \u00d824cm, \u00d89.5&#8243; [L002P0132]\n4) \u00d826cm, \u00d810&#8243; [L002P0133]\n5) \u00d828cm, \u00d811&#8243; [L002P0134]\n6) \u00d830cm, \u00d812&#8243; [L002P0135]\n7) \u00d832cm, \u00d812.5&#8243; [L002P0136]\n","protected":false},"featured_media":94227,"template":"","meta":{"om_disable_all_campaigns":false,"_joinchat":[]},"product_cat":[161,720],"product_tag":[],"yoast_head":"<!-- This site is optimized with the Yoast SEO plugin v19.7.1 - https:\/\/yoast.com\/wordpress\/plugins\/seo\/ -->\n<title>\u4e0d\u92b9\u92fc\u8907\u5408\u5e95\u55ae\u67c4\u714e\u934b - \u806f\u54c1<\/title>\n<meta name=\"robots\" content=\"index, follow, max-snippet:-1, max-image-preview:large, max-video-preview:-1\" \/>\n<link rel=\"canonical\" href=\"https:\/\/luenpun.com.hk\/en\/product\/l002p0130\/\" \/>\n<meta property=\"og:locale\" content=\"en_US\" \/>\n<meta property=\"og:type\" content=\"article\" \/>\n<meta property=\"og:title\" content=\"\u4e0d\u92b9\u92fc\u8907\u5408\u5e95\u55ae\u67c4\u714e\u934b - \u806f\u54c1\" \/>\n<meta property=\"og:description\" content=\"1) \u00d820cm, \u00d88&quot; [L002P0130] 2) \u00d822cm, \u00d88.5&quot; [L002P0131] 3) \u00d824cm, \u00d89.5&quot; [L002P0132] 4) \u00d826cm, \u00d810&quot; [L002P0133] 5) \u00d828cm, \u00d811&quot; [L002P0134] 6) \u00d830cm, \u00d812&quot; [L002P0135] 7) \u00d832cm, \u00d812.5&quot; [L002P0136]\" \/>\n<meta property=\"og:url\" content=\"https:\/\/luenpun.com.hk\/product\/l002p0130\/\" \/>\n<meta property=\"og:site_name\" content=\"\u806f\u54c1\" \/>\n<meta property=\"article:publisher\" content=\"https:\/\/www.facebook.com\/luenpunhk\/\" \/>\n<meta property=\"article:modified_time\" content=\"2025-12-30T09:35:44+00:00\" \/>\n<meta property=\"og:image\" content=\"https:\/\/luenpun.com.hk\/wp-content\/uploads\/2023\/12\/L002P0130.jpg\" \/>\n\t<meta property=\"og:image:width\" content=\"900\" \/>\n\t<meta property=\"og:image:height\" content=\"900\" \/>\n\t<meta property=\"og:image:type\" content=\"image\/jpeg\" \/>\n<meta name=\"twitter:card\" content=\"summary_large_image\" \/>\n<script type=\"application\/ld+json\" class=\"yoast-schema-graph\">{\"@context\":\"https:\/\/schema.org\",\"@graph\":[{\"@type\":\"WebPage\",\"@id\":\"https:\/\/luenpun.com.hk\/product\/l002p0130\/\",\"url\":\"https:\/\/luenpun.com.hk\/product\/l002p0130\/\",\"name\":\"\u4e0d\u92b9\u92fc\u8907\u5408\u5e95\u55ae\u67c4\u714e\u934b - \u806f\u54c1\",\"isPartOf\":{\"@id\":\"https:\/\/luenpun.com.hk\/#website\"},\"datePublished\":\"2023-12-15T03:13:01+00:00\",\"dateModified\":\"2025-12-30T09:35:44+00:00\",\"breadcrumb\":{\"@id\":\"https:\/\/luenpun.com.hk\/product\/l002p0130\/#breadcrumb\"},\"inLanguage\":\"en-US\",\"potentialAction\":[{\"@type\":\"ReadAction\",\"target\":[\"https:\/\/luenpun.com.hk\/product\/l002p0130\/\"]}]},{\"@type\":\"BreadcrumbList\",\"@id\":\"https:\/\/luenpun.com.hk\/product\/l002p0130\/#breadcrumb\",\"itemListElement\":[{\"@type\":\"ListItem\",\"position\":1,\"name\":\"\u9996\u9801\",\"item\":\"https:\/\/luenpun.com.hk\/en\/\"},{\"@type\":\"ListItem\",\"position\":2,\"name\":\"Product\",\"item\":\"https:\/\/luenpun.com.hk\/en\/shop\/\"},{\"@type\":\"ListItem\",\"position\":3,\"name\":\"\u4e0d\u92b9\u92fc\u8907\u5408\u5e95\u55ae\u67c4\u714e\u934b\"}]},{\"@type\":\"WebSite\",\"@id\":\"https:\/\/luenpun.com.hk\/#website\",\"url\":\"https:\/\/luenpun.com.hk\/\",\"name\":\"\u806f\u54c1\",\"description\":\"\u4e00\u7ad9\u5f0f\u5546\u7528\u5eda\u623f\u8a2d\u5099\u4f9b\u61c9\u5546\",\"potentialAction\":[{\"@type\":\"SearchAction\",\"target\":{\"@type\":\"EntryPoint\",\"urlTemplate\":\"https:\/\/luenpun.com.hk\/?s={search_term_string}\"},\"query-input\":\"required name=search_term_string\"}],\"inLanguage\":\"en-US\"}]}<\/script>\n<!-- \/ Yoast SEO plugin. -->","yoast_head_json":{"title":"\u4e0d\u92b9\u92fc\u8907\u5408\u5e95\u55ae\u67c4\u714e\u934b - \u806f\u54c1","robots":{"index":"index","follow":"follow","max-snippet":"max-snippet:-1","max-image-preview":"max-image-preview:large","max-video-preview":"max-video-preview:-1"},"canonical":"https:\/\/luenpun.com.hk\/en\/product\/l002p0130\/","og_locale":"en_US","og_type":"article","og_title":"\u4e0d\u92b9\u92fc\u8907\u5408\u5e95\u55ae\u67c4\u714e\u934b - \u806f\u54c1","og_description":"1) \u00d820cm, \u00d88\" [L002P0130] 2) \u00d822cm, \u00d88.5\" [L002P0131] 3) \u00d824cm, \u00d89.5\" [L002P0132] 4) \u00d826cm, \u00d810\" [L002P0133] 5) \u00d828cm, \u00d811\" [L002P0134] 6) \u00d830cm, \u00d812\" [L002P0135] 7) \u00d832cm, \u00d812.5\" [L002P0136]","og_url":"https:\/\/luenpun.com.hk\/product\/l002p0130\/","og_site_name":"\u806f\u54c1","article_publisher":"https:\/\/www.facebook.com\/luenpunhk\/","article_modified_time":"2025-12-30T09:35:44+00:00","og_image":[{"width":900,"height":900,"url":"https:\/\/luenpun.com.hk\/wp-content\/uploads\/2023\/12\/L002P0130.jpg","type":"image\/jpeg"}],"twitter_card":"summary_large_image","schema":{"@context":"https:\/\/schema.org","@graph":[{"@type":"WebPage","@id":"https:\/\/luenpun.com.hk\/product\/l002p0130\/","url":"https:\/\/luenpun.com.hk\/product\/l002p0130\/","name":"\u4e0d\u92b9\u92fc\u8907\u5408\u5e95\u55ae\u67c4\u714e\u934b - \u806f\u54c1","isPartOf":{"@id":"https:\/\/luenpun.com.hk\/#website"},"datePublished":"2023-12-15T03:13:01+00:00","dateModified":"2025-12-30T09:35:44+00:00","breadcrumb":{"@id":"https:\/\/luenpun.com.hk\/product\/l002p0130\/#breadcrumb"},"inLanguage":"en-US","potentialAction":[{"@type":"ReadAction","target":["https:\/\/luenpun.com.hk\/product\/l002p0130\/"]}]},{"@type":"BreadcrumbList","@id":"https:\/\/luenpun.com.hk\/product\/l002p0130\/#breadcrumb","itemListElement":[{"@type":"ListItem","position":1,"name":"\u9996\u9801","item":"https:\/\/luenpun.com.hk\/en\/"},{"@type":"ListItem","position":2,"name":"Product","item":"https:\/\/luenpun.com.hk\/en\/shop\/"},{"@type":"ListItem","position":3,"name":"\u4e0d\u92b9\u92fc\u8907\u5408\u5e95\u55ae\u67c4\u714e\u934b"}]},{"@type":"WebSite","@id":"https:\/\/luenpun.com.hk\/#website","url":"https:\/\/luenpun.com.hk\/","name":"\u806f\u54c1","description":"\u4e00\u7ad9\u5f0f\u5546\u7528\u5eda\u623f\u8a2d\u5099\u4f9b\u61c9\u5546","potentialAction":[{"@type":"SearchAction","target":{"@type":"EntryPoint","urlTemplate":"https:\/\/luenpun.com.hk\/?s={search_term_string}"},"query-input":"required name=search_term_string"}],"inLanguage":"en-US"}]}},"_links":{"self":[{"href":"https:\/\/luenpun.com.hk\/en\/wp-json\/wp\/v2\/product\/27100"}],"collection":[{"href":"https:\/\/luenpun.com.hk\/en\/wp-json\/wp\/v2\/product"}],"about":[{"href":"https:\/\/luenpun.com.hk\/en\/wp-json\/wp\/v2\/types\/product"}],"wp:featuredmedia":[{"embeddable":true,"href":"https:\/\/luenpun.com.hk\/en\/wp-json\/wp\/v2\/media\/94227"}],"wp:attachment":[{"href":"https:\/\/luenpun.com.hk\/en\/wp-json\/wp\/v2\/media?parent=27100"}],"wp:term":[{"taxonomy":"product_cat","embeddable":true,"href":"https:\/\/luenpun.com.hk\/en\/wp-json\/wp\/v2\/product_cat?post=27100"},{"taxonomy":"product_tag","embeddable":true,"href":"https:\/\/luenpun.com.hk\/en\/wp-json\/wp\/v2\/product_tag?post=27100"}],"curies":[{"name":"wp","href":"https:\/\/api.w.org\/{rel}","templated":true}]}}