{"id":26471,"date":"2023-11-27T16:30:16","date_gmt":"2023-11-27T08:30:16","guid":{"rendered":"https:\/\/luenpun.com.hk\/product\/ctk-%e9%8b%bc%e5%8e%9a%e5%ba%95%e7%85%8e%e6%9d%bf-o20x4-5cm-o8x2\/"},"modified":"2023-12-07T15:06:22","modified_gmt":"2023-12-07T07:06:22","slug":"hks0050092","status":"publish","type":"product","link":"https:\/\/luenpun.com.hk\/en\/product\/hks0050092\/","title":{"rendered":"CTK-\u92fc\u539a\u5e95\u714e\u677f<br> \u00d820\/ \u00d824\/ \u00d826\/ \u00d828\/ \u00d830\/ \u00d832"},"content":{"rendered":"","protected":false},"excerpt":{"rendered":"<p><strong>IN-TFP20DP<\/strong> : \u00d820&#215;4.5cm, \u00d88&#8243;x2&#8243; [HKS0050092]\n<strong>IN-TFP22DP <\/strong>: \u00d822cm, \u00d88.5&#8243; [HKS0050133]\n<strong>IN-TFP24DP <\/strong>: \u00d824x6cm, \u00d89.5&#8243;x2&#8243; [HKS0050095]\n<strong>IN-TFP26DP <\/strong>: \u00d826&#215;5.5cm, \u00d810&#8243;x2&#8243; [HKS0050090]\n<strong>IN-TFP28DP <\/strong>: \u00d828&#215;5.5cm, \u00d811&#8243;x2&#8243; [HKS0050091]\n<strong>IN-TFP30DP <\/strong>: \u00d830&#215;5.5cm, \u00d812&#8243;x2&#8243; [HKS0050137]\n<strong>IN-TFP32DP <\/strong>: \u00d832&#215;6.5cm, \u00d812.5&#8243;x2.5&#8243; [HKS0050143]\n","protected":false},"featured_media":26706,"template":"","meta":{"om_disable_all_campaigns":false,"_joinchat":[]},"product_cat":[161,720],"product_tag":[],"yoast_head":"<!-- This site is optimized with the Yoast SEO plugin v19.7.1 - https:\/\/yoast.com\/wordpress\/plugins\/seo\/ -->\n<title>CTK-\u92fc\u539a\u5e95\u714e\u677f \u00d820\/ \u00d824\/ \u00d826\/ \u00d828\/ \u00d830\/ \u00d832 - \u806f\u54c1<\/title>\n<meta name=\"robots\" content=\"index, follow, max-snippet:-1, max-image-preview:large, max-video-preview:-1\" \/>\n<link rel=\"canonical\" href=\"https:\/\/luenpun.com.hk\/en\/product\/hks0050092\/\" \/>\n<meta property=\"og:locale\" content=\"en_US\" \/>\n<meta property=\"og:type\" content=\"article\" \/>\n<meta property=\"og:title\" content=\"CTK-\u92fc\u539a\u5e95\u714e\u677f \u00d820\/ \u00d824\/ \u00d826\/ \u00d828\/ \u00d830\/ \u00d832 - \u806f\u54c1\" \/>\n<meta property=\"og:description\" content=\"IN-TFP20DP : \u00d820x4.5cm, \u00d88&quot;x2&quot; [HKS0050092] IN-TFP22DP : \u00d822cm, \u00d88.5&quot; [HKS0050133] IN-TFP24DP : \u00d824x6cm, \u00d89.5&quot;x2&quot; [HKS0050095] IN-TFP26DP : \u00d826x5.5cm, \u00d810&quot;x2&quot; [HKS0050090] IN-TFP28DP : \u00d828x5.5cm, \u00d811&quot;x2&quot; [HKS0050091] IN-TFP30DP : \u00d830x5.5cm, \u00d812&quot;x2&quot; [HKS0050137] IN-TFP32DP : \u00d832x6.5cm, \u00d812.5&quot;x2.5&quot; [HKS0050143]\" \/>\n<meta property=\"og:url\" content=\"https:\/\/luenpun.com.hk\/product\/hks0050092\/\" \/>\n<meta property=\"og:site_name\" content=\"\u806f\u54c1\" \/>\n<meta property=\"article:publisher\" content=\"https:\/\/www.facebook.com\/luenpunhk\/\" \/>\n<meta property=\"article:modified_time\" content=\"2023-12-07T07:06:22+00:00\" \/>\n<meta property=\"og:image\" content=\"https:\/\/luenpun.com.hk\/wp-content\/uploads\/2023\/11\/HKS0050091.jpg\" \/>\n\t<meta property=\"og:image:width\" content=\"800\" \/>\n\t<meta property=\"og:image:height\" content=\"800\" \/>\n\t<meta property=\"og:image:type\" content=\"image\/jpeg\" \/>\n<meta name=\"twitter:card\" content=\"summary_large_image\" \/>\n<script type=\"application\/ld+json\" class=\"yoast-schema-graph\">{\"@context\":\"https:\/\/schema.org\",\"@graph\":[{\"@type\":\"WebPage\",\"@id\":\"https:\/\/luenpun.com.hk\/product\/hks0050092\/\",\"url\":\"https:\/\/luenpun.com.hk\/product\/hks0050092\/\",\"name\":\"CTK-\u92fc\u539a\u5e95\u714e\u677f \u00d820\/ \u00d824\/ \u00d826\/ \u00d828\/ \u00d830\/ \u00d832 - \u806f\u54c1\",\"isPartOf\":{\"@id\":\"https:\/\/luenpun.com.hk\/#website\"},\"datePublished\":\"2023-11-27T08:30:16+00:00\",\"dateModified\":\"2023-12-07T07:06:22+00:00\",\"breadcrumb\":{\"@id\":\"https:\/\/luenpun.com.hk\/product\/hks0050092\/#breadcrumb\"},\"inLanguage\":\"en-US\",\"potentialAction\":[{\"@type\":\"ReadAction\",\"target\":[\"https:\/\/luenpun.com.hk\/product\/hks0050092\/\"]}]},{\"@type\":\"BreadcrumbList\",\"@id\":\"https:\/\/luenpun.com.hk\/product\/hks0050092\/#breadcrumb\",\"itemListElement\":[{\"@type\":\"ListItem\",\"position\":1,\"name\":\"\u9996\u9801\",\"item\":\"https:\/\/luenpun.com.hk\/en\/\"},{\"@type\":\"ListItem\",\"position\":2,\"name\":\"Product\",\"item\":\"https:\/\/luenpun.com.hk\/en\/shop\/\"},{\"@type\":\"ListItem\",\"position\":3,\"name\":\"CTK-\u92fc\u539a\u5e95\u714e\u677f \u00d820\/ \u00d824\/ \u00d826\/ \u00d828\/ \u00d830\/ \u00d832\"}]},{\"@type\":\"WebSite\",\"@id\":\"https:\/\/luenpun.com.hk\/#website\",\"url\":\"https:\/\/luenpun.com.hk\/\",\"name\":\"\u806f\u54c1\",\"description\":\"\u4e00\u7ad9\u5f0f\u5546\u7528\u5eda\u623f\u8a2d\u5099\u4f9b\u61c9\u5546\",\"potentialAction\":[{\"@type\":\"SearchAction\",\"target\":{\"@type\":\"EntryPoint\",\"urlTemplate\":\"https:\/\/luenpun.com.hk\/?s={search_term_string}\"},\"query-input\":\"required name=search_term_string\"}],\"inLanguage\":\"en-US\"}]}<\/script>\n<!-- \/ Yoast SEO plugin. -->","yoast_head_json":{"title":"CTK-\u92fc\u539a\u5e95\u714e\u677f \u00d820\/ \u00d824\/ \u00d826\/ \u00d828\/ \u00d830\/ \u00d832 - \u806f\u54c1","robots":{"index":"index","follow":"follow","max-snippet":"max-snippet:-1","max-image-preview":"max-image-preview:large","max-video-preview":"max-video-preview:-1"},"canonical":"https:\/\/luenpun.com.hk\/en\/product\/hks0050092\/","og_locale":"en_US","og_type":"article","og_title":"CTK-\u92fc\u539a\u5e95\u714e\u677f \u00d820\/ \u00d824\/ \u00d826\/ \u00d828\/ \u00d830\/ \u00d832 - \u806f\u54c1","og_description":"IN-TFP20DP : \u00d820x4.5cm, \u00d88\"x2\" [HKS0050092] IN-TFP22DP : \u00d822cm, \u00d88.5\" [HKS0050133] IN-TFP24DP : \u00d824x6cm, \u00d89.5\"x2\" [HKS0050095] IN-TFP26DP : \u00d826x5.5cm, \u00d810\"x2\" [HKS0050090] IN-TFP28DP : \u00d828x5.5cm, \u00d811\"x2\" [HKS0050091] IN-TFP30DP : \u00d830x5.5cm, \u00d812\"x2\" [HKS0050137] IN-TFP32DP : \u00d832x6.5cm, \u00d812.5\"x2.5\" [HKS0050143]","og_url":"https:\/\/luenpun.com.hk\/product\/hks0050092\/","og_site_name":"\u806f\u54c1","article_publisher":"https:\/\/www.facebook.com\/luenpunhk\/","article_modified_time":"2023-12-07T07:06:22+00:00","og_image":[{"width":800,"height":800,"url":"https:\/\/luenpun.com.hk\/wp-content\/uploads\/2023\/11\/HKS0050091.jpg","type":"image\/jpeg"}],"twitter_card":"summary_large_image","schema":{"@context":"https:\/\/schema.org","@graph":[{"@type":"WebPage","@id":"https:\/\/luenpun.com.hk\/product\/hks0050092\/","url":"https:\/\/luenpun.com.hk\/product\/hks0050092\/","name":"CTK-\u92fc\u539a\u5e95\u714e\u677f \u00d820\/ \u00d824\/ \u00d826\/ \u00d828\/ \u00d830\/ \u00d832 - \u806f\u54c1","isPartOf":{"@id":"https:\/\/luenpun.com.hk\/#website"},"datePublished":"2023-11-27T08:30:16+00:00","dateModified":"2023-12-07T07:06:22+00:00","breadcrumb":{"@id":"https:\/\/luenpun.com.hk\/product\/hks0050092\/#breadcrumb"},"inLanguage":"en-US","potentialAction":[{"@type":"ReadAction","target":["https:\/\/luenpun.com.hk\/product\/hks0050092\/"]}]},{"@type":"BreadcrumbList","@id":"https:\/\/luenpun.com.hk\/product\/hks0050092\/#breadcrumb","itemListElement":[{"@type":"ListItem","position":1,"name":"\u9996\u9801","item":"https:\/\/luenpun.com.hk\/en\/"},{"@type":"ListItem","position":2,"name":"Product","item":"https:\/\/luenpun.com.hk\/en\/shop\/"},{"@type":"ListItem","position":3,"name":"CTK-\u92fc\u539a\u5e95\u714e\u677f \u00d820\/ \u00d824\/ \u00d826\/ \u00d828\/ \u00d830\/ \u00d832"}]},{"@type":"WebSite","@id":"https:\/\/luenpun.com.hk\/#website","url":"https:\/\/luenpun.com.hk\/","name":"\u806f\u54c1","description":"\u4e00\u7ad9\u5f0f\u5546\u7528\u5eda\u623f\u8a2d\u5099\u4f9b\u61c9\u5546","potentialAction":[{"@type":"SearchAction","target":{"@type":"EntryPoint","urlTemplate":"https:\/\/luenpun.com.hk\/?s={search_term_string}"},"query-input":"required name=search_term_string"}],"inLanguage":"en-US"}]}},"_links":{"self":[{"href":"https:\/\/luenpun.com.hk\/en\/wp-json\/wp\/v2\/product\/26471"}],"collection":[{"href":"https:\/\/luenpun.com.hk\/en\/wp-json\/wp\/v2\/product"}],"about":[{"href":"https:\/\/luenpun.com.hk\/en\/wp-json\/wp\/v2\/types\/product"}],"wp:featuredmedia":[{"embeddable":true,"href":"https:\/\/luenpun.com.hk\/en\/wp-json\/wp\/v2\/media\/26706"}],"wp:attachment":[{"href":"https:\/\/luenpun.com.hk\/en\/wp-json\/wp\/v2\/media?parent=26471"}],"wp:term":[{"taxonomy":"product_cat","embeddable":true,"href":"https:\/\/luenpun.com.hk\/en\/wp-json\/wp\/v2\/product_cat?post=26471"},{"taxonomy":"product_tag","embeddable":true,"href":"https:\/\/luenpun.com.hk\/en\/wp-json\/wp\/v2\/product_tag?post=26471"}],"curies":[{"name":"wp","href":"https:\/\/api.w.org\/{rel}","templated":true}]}}