{"id":26468,"date":"2023-11-27T16:30:14","date_gmt":"2023-11-27T08:30:14","guid":{"rendered":"https:\/\/luenpun.com.hk\/product\/ctk-%e9%8b%bc%e5%8e%9a%e5%ba%95%e6%98%93%e6%bd%94%e7%85%8e%e6%9d%bf-o20x4-5cm-8-26x6cm-10x2\/"},"modified":"2023-12-07T15:22:28","modified_gmt":"2023-12-07T07:22:28","slug":"hks0050023","status":"publish","type":"product","link":"https:\/\/luenpun.com.hk\/en\/product\/hks0050023\/","title":{"rendered":"CTK-\u92fc\u539a\u5e95\u6613\u6f54\u714e\u677f <br>\u00d820\/ \u00d824\/ \u00d826\/ \u00d828\/ \u00d830\/ \u00d832\/ \u00d836"},"content":{"rendered":"","protected":false},"excerpt":{"rendered":"<div class=\"product-info summary col-fit col entry-summary product-summary text-left\">\n<div class=\"product-short-description\">\n<p><strong>IN-TFP20TF<\/strong> : \u00d820&#215;5.5cm, \u00d88&#8243;x2&#8243; [HKS0050114]\n<strong>IN-TFP22TF <\/strong>: \u00d822&#215;4.5cm, \u00d88.5&#8243;x2&#8243;[HKS0050117]\n<strong>IN-TFP24TF <\/strong>: \u00d824&#215;5.5cm, \u00d89.5&#8243;x2&#8243; [HKS0050115]\n<strong>IN-TFP26TF <\/strong>: \u00d826&#215;5.5cm, \u00d810&#8243;x2&#8243; [HKS0050093]\n<strong>IN-TFP28TF <\/strong>: \u00d828&#215;5.5cm, \u00d811&#8243;x2&#8243; [HKS0050124]\n<strong>IN-TFP30TF <\/strong>: \u00d830&#215;5.5cm, \u00d812&#8243;x2&#8243; [HKS0050023]\n<strong>IN-TFP32TF <\/strong>: \u00d832&#215;6.5cm, \u00d812.5&#8243;x2.5&#8243; [HKS0050144]\n<strong>IN-TFP36TF <\/strong>: \u00d836&#215;6.5cm, \u00d814&#8243;x2.5&#8243; [HKS0050145]\n<\/div>\n<\/div>\n","protected":false},"featured_media":26709,"template":"","meta":{"om_disable_all_campaigns":false,"_joinchat":[]},"product_cat":[161,720],"product_tag":[],"yoast_head":"<!-- This site is optimized with the Yoast SEO plugin v19.7.1 - https:\/\/yoast.com\/wordpress\/plugins\/seo\/ -->\n<title>CTK-\u92fc\u539a\u5e95\u6613\u6f54\u714e\u677f \u00d820\/ \u00d824\/ \u00d826\/ \u00d828\/ \u00d830\/ \u00d832\/ \u00d836 - \u806f\u54c1<\/title>\n<meta name=\"robots\" content=\"index, follow, max-snippet:-1, max-image-preview:large, max-video-preview:-1\" \/>\n<link rel=\"canonical\" href=\"https:\/\/luenpun.com.hk\/en\/product\/hks0050023\/\" \/>\n<meta property=\"og:locale\" content=\"en_US\" \/>\n<meta property=\"og:type\" content=\"article\" \/>\n<meta property=\"og:title\" content=\"CTK-\u92fc\u539a\u5e95\u6613\u6f54\u714e\u677f \u00d820\/ \u00d824\/ \u00d826\/ \u00d828\/ \u00d830\/ \u00d832\/ \u00d836 - \u806f\u54c1\" \/>\n<meta property=\"og:description\" content=\"IN-TFP20TF : \u00d820x5.5cm, \u00d88&quot;x2&quot; [HKS0050114] IN-TFP22TF : \u00d822x4.5cm, \u00d88.5&quot;x2&quot;[HKS0050117] IN-TFP24TF : \u00d824x5.5cm, \u00d89.5&quot;x2&quot; [HKS0050115] IN-TFP26TF : \u00d826x5.5cm, \u00d810&quot;x2&quot; [HKS0050093] IN-TFP28TF : \u00d828x5.5cm, \u00d811&quot;x2&quot; [HKS0050124] IN-TFP30TF : \u00d830x5.5cm, \u00d812&quot;x2&quot; [HKS0050023] IN-TFP32TF : \u00d832x6.5cm, \u00d812.5&quot;x2.5&quot; [HKS0050144] IN-TFP36TF : \u00d836x6.5cm, \u00d814&quot;x2.5&quot; [HKS0050145]\" \/>\n<meta property=\"og:url\" content=\"https:\/\/luenpun.com.hk\/product\/hks0050023\/\" \/>\n<meta property=\"og:site_name\" content=\"\u806f\u54c1\" \/>\n<meta property=\"article:publisher\" content=\"https:\/\/www.facebook.com\/luenpunhk\/\" \/>\n<meta property=\"article:modified_time\" content=\"2023-12-07T07:22:28+00:00\" \/>\n<meta property=\"og:image\" content=\"https:\/\/luenpun.com.hk\/wp-content\/uploads\/2023\/11\/HKS0050023.jpg\" \/>\n\t<meta property=\"og:image:width\" content=\"1000\" \/>\n\t<meta property=\"og:image:height\" content=\"1000\" \/>\n\t<meta property=\"og:image:type\" content=\"image\/jpeg\" \/>\n<meta name=\"twitter:card\" content=\"summary_large_image\" \/>\n<script type=\"application\/ld+json\" class=\"yoast-schema-graph\">{\"@context\":\"https:\/\/schema.org\",\"@graph\":[{\"@type\":\"WebPage\",\"@id\":\"https:\/\/luenpun.com.hk\/product\/hks0050023\/\",\"url\":\"https:\/\/luenpun.com.hk\/product\/hks0050023\/\",\"name\":\"CTK-\u92fc\u539a\u5e95\u6613\u6f54\u714e\u677f \u00d820\/ \u00d824\/ \u00d826\/ \u00d828\/ \u00d830\/ \u00d832\/ \u00d836 - \u806f\u54c1\",\"isPartOf\":{\"@id\":\"https:\/\/luenpun.com.hk\/#website\"},\"datePublished\":\"2023-11-27T08:30:14+00:00\",\"dateModified\":\"2023-12-07T07:22:28+00:00\",\"breadcrumb\":{\"@id\":\"https:\/\/luenpun.com.hk\/product\/hks0050023\/#breadcrumb\"},\"inLanguage\":\"en-US\",\"potentialAction\":[{\"@type\":\"ReadAction\",\"target\":[\"https:\/\/luenpun.com.hk\/product\/hks0050023\/\"]}]},{\"@type\":\"BreadcrumbList\",\"@id\":\"https:\/\/luenpun.com.hk\/product\/hks0050023\/#breadcrumb\",\"itemListElement\":[{\"@type\":\"ListItem\",\"position\":1,\"name\":\"\u9996\u9801\",\"item\":\"https:\/\/luenpun.com.hk\/en\/\"},{\"@type\":\"ListItem\",\"position\":2,\"name\":\"Product\",\"item\":\"https:\/\/luenpun.com.hk\/en\/shop\/\"},{\"@type\":\"ListItem\",\"position\":3,\"name\":\"CTK-\u92fc\u539a\u5e95\u6613\u6f54\u714e\u677f \u00d820\/ \u00d824\/ \u00d826\/ \u00d828\/ \u00d830\/ \u00d832\/ \u00d836\"}]},{\"@type\":\"WebSite\",\"@id\":\"https:\/\/luenpun.com.hk\/#website\",\"url\":\"https:\/\/luenpun.com.hk\/\",\"name\":\"\u806f\u54c1\",\"description\":\"\u4e00\u7ad9\u5f0f\u5546\u7528\u5eda\u623f\u8a2d\u5099\u4f9b\u61c9\u5546\",\"potentialAction\":[{\"@type\":\"SearchAction\",\"target\":{\"@type\":\"EntryPoint\",\"urlTemplate\":\"https:\/\/luenpun.com.hk\/?s={search_term_string}\"},\"query-input\":\"required name=search_term_string\"}],\"inLanguage\":\"en-US\"}]}<\/script>\n<!-- \/ Yoast SEO plugin. -->","yoast_head_json":{"title":"CTK-\u92fc\u539a\u5e95\u6613\u6f54\u714e\u677f \u00d820\/ \u00d824\/ \u00d826\/ \u00d828\/ \u00d830\/ \u00d832\/ \u00d836 - \u806f\u54c1","robots":{"index":"index","follow":"follow","max-snippet":"max-snippet:-1","max-image-preview":"max-image-preview:large","max-video-preview":"max-video-preview:-1"},"canonical":"https:\/\/luenpun.com.hk\/en\/product\/hks0050023\/","og_locale":"en_US","og_type":"article","og_title":"CTK-\u92fc\u539a\u5e95\u6613\u6f54\u714e\u677f \u00d820\/ \u00d824\/ \u00d826\/ \u00d828\/ \u00d830\/ \u00d832\/ \u00d836 - \u806f\u54c1","og_description":"IN-TFP20TF : \u00d820x5.5cm, \u00d88\"x2\" [HKS0050114] IN-TFP22TF : \u00d822x4.5cm, \u00d88.5\"x2\"[HKS0050117] IN-TFP24TF : \u00d824x5.5cm, \u00d89.5\"x2\" [HKS0050115] IN-TFP26TF : \u00d826x5.5cm, \u00d810\"x2\" [HKS0050093] IN-TFP28TF : \u00d828x5.5cm, \u00d811\"x2\" [HKS0050124] IN-TFP30TF : \u00d830x5.5cm, \u00d812\"x2\" [HKS0050023] IN-TFP32TF : \u00d832x6.5cm, \u00d812.5\"x2.5\" [HKS0050144] IN-TFP36TF : \u00d836x6.5cm, \u00d814\"x2.5\" [HKS0050145]","og_url":"https:\/\/luenpun.com.hk\/product\/hks0050023\/","og_site_name":"\u806f\u54c1","article_publisher":"https:\/\/www.facebook.com\/luenpunhk\/","article_modified_time":"2023-12-07T07:22:28+00:00","og_image":[{"width":1000,"height":1000,"url":"https:\/\/luenpun.com.hk\/wp-content\/uploads\/2023\/11\/HKS0050023.jpg","type":"image\/jpeg"}],"twitter_card":"summary_large_image","schema":{"@context":"https:\/\/schema.org","@graph":[{"@type":"WebPage","@id":"https:\/\/luenpun.com.hk\/product\/hks0050023\/","url":"https:\/\/luenpun.com.hk\/product\/hks0050023\/","name":"CTK-\u92fc\u539a\u5e95\u6613\u6f54\u714e\u677f \u00d820\/ \u00d824\/ \u00d826\/ \u00d828\/ \u00d830\/ \u00d832\/ \u00d836 - \u806f\u54c1","isPartOf":{"@id":"https:\/\/luenpun.com.hk\/#website"},"datePublished":"2023-11-27T08:30:14+00:00","dateModified":"2023-12-07T07:22:28+00:00","breadcrumb":{"@id":"https:\/\/luenpun.com.hk\/product\/hks0050023\/#breadcrumb"},"inLanguage":"en-US","potentialAction":[{"@type":"ReadAction","target":["https:\/\/luenpun.com.hk\/product\/hks0050023\/"]}]},{"@type":"BreadcrumbList","@id":"https:\/\/luenpun.com.hk\/product\/hks0050023\/#breadcrumb","itemListElement":[{"@type":"ListItem","position":1,"name":"\u9996\u9801","item":"https:\/\/luenpun.com.hk\/en\/"},{"@type":"ListItem","position":2,"name":"Product","item":"https:\/\/luenpun.com.hk\/en\/shop\/"},{"@type":"ListItem","position":3,"name":"CTK-\u92fc\u539a\u5e95\u6613\u6f54\u714e\u677f \u00d820\/ \u00d824\/ \u00d826\/ \u00d828\/ \u00d830\/ \u00d832\/ \u00d836"}]},{"@type":"WebSite","@id":"https:\/\/luenpun.com.hk\/#website","url":"https:\/\/luenpun.com.hk\/","name":"\u806f\u54c1","description":"\u4e00\u7ad9\u5f0f\u5546\u7528\u5eda\u623f\u8a2d\u5099\u4f9b\u61c9\u5546","potentialAction":[{"@type":"SearchAction","target":{"@type":"EntryPoint","urlTemplate":"https:\/\/luenpun.com.hk\/?s={search_term_string}"},"query-input":"required name=search_term_string"}],"inLanguage":"en-US"}]}},"_links":{"self":[{"href":"https:\/\/luenpun.com.hk\/en\/wp-json\/wp\/v2\/product\/26468"}],"collection":[{"href":"https:\/\/luenpun.com.hk\/en\/wp-json\/wp\/v2\/product"}],"about":[{"href":"https:\/\/luenpun.com.hk\/en\/wp-json\/wp\/v2\/types\/product"}],"wp:featuredmedia":[{"embeddable":true,"href":"https:\/\/luenpun.com.hk\/en\/wp-json\/wp\/v2\/media\/26709"}],"wp:attachment":[{"href":"https:\/\/luenpun.com.hk\/en\/wp-json\/wp\/v2\/media?parent=26468"}],"wp:term":[{"taxonomy":"product_cat","embeddable":true,"href":"https:\/\/luenpun.com.hk\/en\/wp-json\/wp\/v2\/product_cat?post=26468"},{"taxonomy":"product_tag","embeddable":true,"href":"https:\/\/luenpun.com.hk\/en\/wp-json\/wp\/v2\/product_tag?post=26468"}],"curies":[{"name":"wp","href":"https:\/\/api.w.org\/{rel}","templated":true}]}}