{"id":26274,"date":"2023-11-27T11:27:57","date_gmt":"2023-11-27T03:27:57","guid":{"rendered":"https:\/\/luenpun.com.hk\/product\/%e4%b8%8d%e9%8a%b9%e9%8b%bc%e6%b2%b9%e5%8e%98%ef%bc%88%e6%b2%99%e7%b6%b2%ef%bc%89-o8-o20-5cm\/"},"modified":"2023-12-26T16:57:43","modified_gmt":"2023-12-26T08:57:43","slug":"hks0340014","status":"publish","type":"product","link":"https:\/\/luenpun.com.hk\/en\/product\/hks0340014\/","title":{"rendered":"\u5398 &#8211; \u4e0d\u92b9\u92fc\u6c99\u7db2\u6cb9\u5398 <br> 8&#8243;\/ 9&#8243;\/ 10&#8243;\/ 11&#8243;\/ 12&#8243;"},"content":{"rendered":"","protected":false},"excerpt":{"rendered":"<p><strong>8&#8243;<\/strong> : \u00d88&#8243;, \u00d820.5cm [HKS0340014]\n<p><strong>9&#8243;<\/strong> : \u00d89\u2033x21\u2033, \u00d823x53cm [HKS0340015]\n<p><strong>10&#8243;<\/strong> : \u00d810&#8243;x22&#8243;, \u00d823x53cm [HKS0340016]\n<p><strong>11&#8243;<\/strong> : \u00d811&#8243;x24.5, \u00d8228.5x62cm [HKS0340017]\n<p><strong>12&#8243;<\/strong> : \u00d812&#8243;, \u00d830.5x64cm [HKS0340018]\n","protected":false},"featured_media":27225,"template":"","meta":{"om_disable_all_campaigns":false,"_joinchat":[]},"product_cat":[161,717],"product_tag":[],"yoast_head":"<!-- This site is optimized with the Yoast SEO plugin v19.7.1 - https:\/\/yoast.com\/wordpress\/plugins\/seo\/ -->\n<title>\u5398 - \u4e0d\u92b9\u92fc\u6c99\u7db2\u6cb9\u5398  8&quot;\/ 9&quot;\/ 10&quot;\/ 11&quot;\/ 12&quot; - \u806f\u54c1<\/title>\n<meta name=\"robots\" content=\"index, follow, max-snippet:-1, max-image-preview:large, max-video-preview:-1\" \/>\n<link rel=\"canonical\" href=\"https:\/\/luenpun.com.hk\/en\/product\/hks0340014\/\" \/>\n<meta property=\"og:locale\" content=\"en_US\" \/>\n<meta property=\"og:type\" content=\"article\" \/>\n<meta property=\"og:title\" content=\"\u5398 - \u4e0d\u92b9\u92fc\u6c99\u7db2\u6cb9\u5398  8&quot;\/ 9&quot;\/ 10&quot;\/ 11&quot;\/ 12&quot; - \u806f\u54c1\" \/>\n<meta property=\"og:description\" content=\"8&quot; : \u00d88&quot;, \u00d820.5cm [HKS0340014]  9&quot; : \u00d89\u2033x21\u2033, \u00d823x53cm [HKS0340015]  10&quot; : \u00d810&quot;x22&quot;, \u00d823x53cm [HKS0340016]  11&quot; : \u00d811&quot;x24.5, \u00d8228.5x62cm [HKS0340017]  12&quot; : \u00d812&quot;, \u00d830.5x64cm [HKS0340018]\" \/>\n<meta property=\"og:url\" content=\"https:\/\/luenpun.com.hk\/product\/hks0340014\/\" \/>\n<meta property=\"og:site_name\" content=\"\u806f\u54c1\" \/>\n<meta property=\"article:publisher\" content=\"https:\/\/www.facebook.com\/luenpunhk\/\" \/>\n<meta property=\"article:modified_time\" content=\"2023-12-26T08:57:43+00:00\" \/>\n<meta property=\"og:image\" content=\"https:\/\/luenpun.com.hk\/wp-content\/uploads\/2023\/11\/HKS0340015-e1702952356685.jpg\" \/>\n\t<meta property=\"og:image:width\" content=\"900\" \/>\n\t<meta property=\"og:image:height\" content=\"900\" \/>\n\t<meta property=\"og:image:type\" content=\"image\/jpeg\" \/>\n<meta name=\"twitter:card\" content=\"summary_large_image\" \/>\n<script type=\"application\/ld+json\" class=\"yoast-schema-graph\">{\"@context\":\"https:\/\/schema.org\",\"@graph\":[{\"@type\":\"WebPage\",\"@id\":\"https:\/\/luenpun.com.hk\/product\/hks0340014\/\",\"url\":\"https:\/\/luenpun.com.hk\/product\/hks0340014\/\",\"name\":\"\u5398 - \u4e0d\u92b9\u92fc\u6c99\u7db2\u6cb9\u5398 8\\\"\/ 9\\\"\/ 10\\\"\/ 11\\\"\/ 12\\\" - \u806f\u54c1\",\"isPartOf\":{\"@id\":\"https:\/\/luenpun.com.hk\/#website\"},\"datePublished\":\"2023-11-27T03:27:57+00:00\",\"dateModified\":\"2023-12-26T08:57:43+00:00\",\"breadcrumb\":{\"@id\":\"https:\/\/luenpun.com.hk\/product\/hks0340014\/#breadcrumb\"},\"inLanguage\":\"en-US\",\"potentialAction\":[{\"@type\":\"ReadAction\",\"target\":[\"https:\/\/luenpun.com.hk\/product\/hks0340014\/\"]}]},{\"@type\":\"BreadcrumbList\",\"@id\":\"https:\/\/luenpun.com.hk\/product\/hks0340014\/#breadcrumb\",\"itemListElement\":[{\"@type\":\"ListItem\",\"position\":1,\"name\":\"\u9996\u9801\",\"item\":\"https:\/\/luenpun.com.hk\/en\/\"},{\"@type\":\"ListItem\",\"position\":2,\"name\":\"Product\",\"item\":\"https:\/\/luenpun.com.hk\/en\/shop\/\"},{\"@type\":\"ListItem\",\"position\":3,\"name\":\"\u5398 &#8211; \u4e0d\u92b9\u92fc\u6c99\u7db2\u6cb9\u5398 8&#8243;\/ 9&#8243;\/ 10&#8243;\/ 11&#8243;\/ 12&#8243;\"}]},{\"@type\":\"WebSite\",\"@id\":\"https:\/\/luenpun.com.hk\/#website\",\"url\":\"https:\/\/luenpun.com.hk\/\",\"name\":\"\u806f\u54c1\",\"description\":\"\u4e00\u7ad9\u5f0f\u5546\u7528\u5eda\u623f\u8a2d\u5099\u4f9b\u61c9\u5546\",\"potentialAction\":[{\"@type\":\"SearchAction\",\"target\":{\"@type\":\"EntryPoint\",\"urlTemplate\":\"https:\/\/luenpun.com.hk\/?s={search_term_string}\"},\"query-input\":\"required name=search_term_string\"}],\"inLanguage\":\"en-US\"}]}<\/script>\n<!-- \/ Yoast SEO plugin. -->","yoast_head_json":{"title":"\u5398 - \u4e0d\u92b9\u92fc\u6c99\u7db2\u6cb9\u5398  8\"\/ 9\"\/ 10\"\/ 11\"\/ 12\" - \u806f\u54c1","robots":{"index":"index","follow":"follow","max-snippet":"max-snippet:-1","max-image-preview":"max-image-preview:large","max-video-preview":"max-video-preview:-1"},"canonical":"https:\/\/luenpun.com.hk\/en\/product\/hks0340014\/","og_locale":"en_US","og_type":"article","og_title":"\u5398 - \u4e0d\u92b9\u92fc\u6c99\u7db2\u6cb9\u5398  8\"\/ 9\"\/ 10\"\/ 11\"\/ 12\" - \u806f\u54c1","og_description":"8\" : \u00d88\", \u00d820.5cm [HKS0340014]  9\" : \u00d89\u2033x21\u2033, \u00d823x53cm [HKS0340015]  10\" : \u00d810\"x22\", \u00d823x53cm [HKS0340016]  11\" : \u00d811\"x24.5, \u00d8228.5x62cm [HKS0340017]  12\" : \u00d812\", \u00d830.5x64cm [HKS0340018]","og_url":"https:\/\/luenpun.com.hk\/product\/hks0340014\/","og_site_name":"\u806f\u54c1","article_publisher":"https:\/\/www.facebook.com\/luenpunhk\/","article_modified_time":"2023-12-26T08:57:43+00:00","og_image":[{"width":900,"height":900,"url":"https:\/\/luenpun.com.hk\/wp-content\/uploads\/2023\/11\/HKS0340015-e1702952356685.jpg","type":"image\/jpeg"}],"twitter_card":"summary_large_image","schema":{"@context":"https:\/\/schema.org","@graph":[{"@type":"WebPage","@id":"https:\/\/luenpun.com.hk\/product\/hks0340014\/","url":"https:\/\/luenpun.com.hk\/product\/hks0340014\/","name":"\u5398 - \u4e0d\u92b9\u92fc\u6c99\u7db2\u6cb9\u5398 8\"\/ 9\"\/ 10\"\/ 11\"\/ 12\" - \u806f\u54c1","isPartOf":{"@id":"https:\/\/luenpun.com.hk\/#website"},"datePublished":"2023-11-27T03:27:57+00:00","dateModified":"2023-12-26T08:57:43+00:00","breadcrumb":{"@id":"https:\/\/luenpun.com.hk\/product\/hks0340014\/#breadcrumb"},"inLanguage":"en-US","potentialAction":[{"@type":"ReadAction","target":["https:\/\/luenpun.com.hk\/product\/hks0340014\/"]}]},{"@type":"BreadcrumbList","@id":"https:\/\/luenpun.com.hk\/product\/hks0340014\/#breadcrumb","itemListElement":[{"@type":"ListItem","position":1,"name":"\u9996\u9801","item":"https:\/\/luenpun.com.hk\/en\/"},{"@type":"ListItem","position":2,"name":"Product","item":"https:\/\/luenpun.com.hk\/en\/shop\/"},{"@type":"ListItem","position":3,"name":"\u5398 &#8211; \u4e0d\u92b9\u92fc\u6c99\u7db2\u6cb9\u5398 8&#8243;\/ 9&#8243;\/ 10&#8243;\/ 11&#8243;\/ 12&#8243;"}]},{"@type":"WebSite","@id":"https:\/\/luenpun.com.hk\/#website","url":"https:\/\/luenpun.com.hk\/","name":"\u806f\u54c1","description":"\u4e00\u7ad9\u5f0f\u5546\u7528\u5eda\u623f\u8a2d\u5099\u4f9b\u61c9\u5546","potentialAction":[{"@type":"SearchAction","target":{"@type":"EntryPoint","urlTemplate":"https:\/\/luenpun.com.hk\/?s={search_term_string}"},"query-input":"required name=search_term_string"}],"inLanguage":"en-US"}]}},"_links":{"self":[{"href":"https:\/\/luenpun.com.hk\/en\/wp-json\/wp\/v2\/product\/26274"}],"collection":[{"href":"https:\/\/luenpun.com.hk\/en\/wp-json\/wp\/v2\/product"}],"about":[{"href":"https:\/\/luenpun.com.hk\/en\/wp-json\/wp\/v2\/types\/product"}],"wp:featuredmedia":[{"embeddable":true,"href":"https:\/\/luenpun.com.hk\/en\/wp-json\/wp\/v2\/media\/27225"}],"wp:attachment":[{"href":"https:\/\/luenpun.com.hk\/en\/wp-json\/wp\/v2\/media?parent=26274"}],"wp:term":[{"taxonomy":"product_cat","embeddable":true,"href":"https:\/\/luenpun.com.hk\/en\/wp-json\/wp\/v2\/product_cat?post=26274"},{"taxonomy":"product_tag","embeddable":true,"href":"https:\/\/luenpun.com.hk\/en\/wp-json\/wp\/v2\/product_tag?post=26274"}],"curies":[{"name":"wp","href":"https:\/\/api.w.org\/{rel}","templated":true}]}}