{"id":24279,"date":"2022-10-17T10:43:57","date_gmt":"2022-10-17T02:43:57","guid":{"rendered":"https:\/\/luenpun.com.hk\/?post_type=product&#038;p=24279"},"modified":"2022-10-18T10:56:46","modified_gmt":"2022-10-18T02:56:46","slug":"s004-dw48-s004-dw48-4","status":"publish","type":"product","link":"https:\/\/luenpun.com.hk\/en\/product\/s004-dw48-s004-dw48-4\/","title":{"rendered":"Double Bowl Kitchen Sink Table <br>S004-DW48\/ S004-DW48.4"},"content":{"rendered":"","protected":false},"excerpt":{"rendered":"<p>S004-DW48<\/p>\n<ul>\n<li>Dimensions<span style=\"color: #333333; font-size: 14.4px;\">\uff1a<br \/>\n<\/span>1220\u00d7560\u00d7815 mm<br \/>\n48&#8243;\u00d722&#8243;\u00d732&#8243;<\/li>\n<\/ul>\n<p>S004-DW48.4<\/p>\n<ul>\n<li>Dimensions\uff1a<br \/>\n1220\u00d7610\u00d7815 mm<br \/>\n48&#8243;\u00d724&#8243;\u00d732&#8243;<\/li>\n<\/ul>\n<hr \/>\n<ul>\n<li>Inner Dimensions\uff1a<br \/>\n450x450mm + 450x450mm<br \/>\n18&#8243;x18&#8243; + 18&#8243;x18&#8243;<\/li>\n<\/ul>\n<h6 class=\"p1\"><span style=\"color: #e14d43;\">\uff0aProducts are subject to change due to enhancements and continuous development.<\/span><\/h6>\n<a href=\"https:\/\/luenpun.com.hk\/%E6%9F%A5%E8%A9%A2\/\" class=\"button primary is-primary is-medium\"  >\n    <span>Enquiry<\/span>\n  <\/a>\n\n","protected":false},"featured_media":5277,"template":"","meta":{"om_disable_all_campaigns":false,"_joinchat":[]},"product_cat":[168,160],"product_tag":[667,668,669],"yoast_head":"<!-- This site is optimized with the Yoast SEO plugin v19.7.1 - https:\/\/yoast.com\/wordpress\/plugins\/seo\/ -->\n<title>Double Bowl Kitchen Sink Table S004-DW48\/ S004-DW48.4 - \u806f\u54c1<\/title>\n<meta name=\"robots\" content=\"index, follow, max-snippet:-1, max-image-preview:large, max-video-preview:-1\" \/>\n<link rel=\"canonical\" href=\"https:\/\/luenpun.com.hk\/en\/product\/s004-dw48-s004-dw48-4\/\" \/>\n<meta property=\"og:locale\" content=\"en_US\" \/>\n<meta property=\"og:type\" content=\"article\" \/>\n<meta property=\"og:title\" content=\"Double Bowl Kitchen Sink Table S004-DW48\/ S004-DW48.4 - \u806f\u54c1\" \/>\n<meta property=\"og:description\" content=\"S004-DW48   Dimensions\uff1a 1220\u00d7560\u00d7815 mm 48&quot;\u00d722&quot;\u00d732&quot;  S004-DW48.4   Dimensions\uff1a 1220\u00d7610\u00d7815 mm 48&quot;\u00d724&quot;\u00d732&quot;       Inner Dimensions\uff1a 450x450mm + 450x450mm 18&quot;x18&quot; + 18&quot;x18&quot;  \uff0aProducts are subject to change due to enhancements and continuous development.\" \/>\n<meta property=\"og:url\" content=\"https:\/\/luenpun.com.hk\/en\/product\/s004-dw48-s004-dw48-4\/\" \/>\n<meta property=\"og:site_name\" content=\"\u806f\u54c1\" \/>\n<meta property=\"article:publisher\" content=\"https:\/\/www.facebook.com\/luenpunhk\/\" \/>\n<meta property=\"article:modified_time\" content=\"2022-10-18T02:56:46+00:00\" \/>\n<meta property=\"og:image\" content=\"https:\/\/luenpun.com.hk\/wp-content\/uploads\/2019\/04\/2sink_table_1.jpg\" \/>\n\t<meta property=\"og:image:width\" content=\"900\" \/>\n\t<meta property=\"og:image:height\" content=\"900\" \/>\n\t<meta property=\"og:image:type\" content=\"image\/jpeg\" \/>\n<meta name=\"twitter:card\" content=\"summary_large_image\" \/>\n<script type=\"application\/ld+json\" class=\"yoast-schema-graph\">{\"@context\":\"https:\/\/schema.org\",\"@graph\":[{\"@type\":\"WebPage\",\"@id\":\"https:\/\/luenpun.com.hk\/en\/product\/s004-dw48-s004-dw48-4\/\",\"url\":\"https:\/\/luenpun.com.hk\/en\/product\/s004-dw48-s004-dw48-4\/\",\"name\":\"Double Bowl Kitchen Sink Table S004-DW48\/ S004-DW48.4 - \u806f\u54c1\",\"isPartOf\":{\"@id\":\"https:\/\/luenpun.com.hk\/#website\"},\"datePublished\":\"2022-10-17T02:43:57+00:00\",\"dateModified\":\"2022-10-18T02:56:46+00:00\",\"breadcrumb\":{\"@id\":\"https:\/\/luenpun.com.hk\/en\/product\/s004-dw48-s004-dw48-4\/#breadcrumb\"},\"inLanguage\":\"en-US\",\"potentialAction\":[{\"@type\":\"ReadAction\",\"target\":[\"https:\/\/luenpun.com.hk\/en\/product\/s004-dw48-s004-dw48-4\/\"]}]},{\"@type\":\"BreadcrumbList\",\"@id\":\"https:\/\/luenpun.com.hk\/en\/product\/s004-dw48-s004-dw48-4\/#breadcrumb\",\"itemListElement\":[{\"@type\":\"ListItem\",\"position\":1,\"name\":\"\u9996\u9801\",\"item\":\"https:\/\/luenpun.com.hk\/en\/\"},{\"@type\":\"ListItem\",\"position\":2,\"name\":\"Product\",\"item\":\"https:\/\/luenpun.com.hk\/en\/shop\/\"},{\"@type\":\"ListItem\",\"position\":3,\"name\":\"Double Bowl Kitchen Sink Table S004-DW48\/ S004-DW48.4\"}]},{\"@type\":\"WebSite\",\"@id\":\"https:\/\/luenpun.com.hk\/#website\",\"url\":\"https:\/\/luenpun.com.hk\/\",\"name\":\"\u806f\u54c1\",\"description\":\"\u4e00\u7ad9\u5f0f\u5546\u7528\u5eda\u623f\u8a2d\u5099\u4f9b\u61c9\u5546\",\"potentialAction\":[{\"@type\":\"SearchAction\",\"target\":{\"@type\":\"EntryPoint\",\"urlTemplate\":\"https:\/\/luenpun.com.hk\/?s={search_term_string}\"},\"query-input\":\"required name=search_term_string\"}],\"inLanguage\":\"en-US\"}]}<\/script>\n<!-- \/ Yoast SEO plugin. -->","yoast_head_json":{"title":"Double Bowl Kitchen Sink Table S004-DW48\/ S004-DW48.4 - \u806f\u54c1","robots":{"index":"index","follow":"follow","max-snippet":"max-snippet:-1","max-image-preview":"max-image-preview:large","max-video-preview":"max-video-preview:-1"},"canonical":"https:\/\/luenpun.com.hk\/en\/product\/s004-dw48-s004-dw48-4\/","og_locale":"en_US","og_type":"article","og_title":"Double Bowl Kitchen Sink Table S004-DW48\/ S004-DW48.4 - \u806f\u54c1","og_description":"S004-DW48   Dimensions\uff1a 1220\u00d7560\u00d7815 mm 48\"\u00d722\"\u00d732\"  S004-DW48.4   Dimensions\uff1a 1220\u00d7610\u00d7815 mm 48\"\u00d724\"\u00d732\"       Inner Dimensions\uff1a 450x450mm + 450x450mm 18\"x18\" + 18\"x18\"  \uff0aProducts are subject to change due to enhancements and continuous development.","og_url":"https:\/\/luenpun.com.hk\/en\/product\/s004-dw48-s004-dw48-4\/","og_site_name":"\u806f\u54c1","article_publisher":"https:\/\/www.facebook.com\/luenpunhk\/","article_modified_time":"2022-10-18T02:56:46+00:00","og_image":[{"width":900,"height":900,"url":"https:\/\/luenpun.com.hk\/wp-content\/uploads\/2019\/04\/2sink_table_1.jpg","type":"image\/jpeg"}],"twitter_card":"summary_large_image","schema":{"@context":"https:\/\/schema.org","@graph":[{"@type":"WebPage","@id":"https:\/\/luenpun.com.hk\/en\/product\/s004-dw48-s004-dw48-4\/","url":"https:\/\/luenpun.com.hk\/en\/product\/s004-dw48-s004-dw48-4\/","name":"Double Bowl Kitchen Sink Table S004-DW48\/ S004-DW48.4 - \u806f\u54c1","isPartOf":{"@id":"https:\/\/luenpun.com.hk\/#website"},"datePublished":"2022-10-17T02:43:57+00:00","dateModified":"2022-10-18T02:56:46+00:00","breadcrumb":{"@id":"https:\/\/luenpun.com.hk\/en\/product\/s004-dw48-s004-dw48-4\/#breadcrumb"},"inLanguage":"en-US","potentialAction":[{"@type":"ReadAction","target":["https:\/\/luenpun.com.hk\/en\/product\/s004-dw48-s004-dw48-4\/"]}]},{"@type":"BreadcrumbList","@id":"https:\/\/luenpun.com.hk\/en\/product\/s004-dw48-s004-dw48-4\/#breadcrumb","itemListElement":[{"@type":"ListItem","position":1,"name":"\u9996\u9801","item":"https:\/\/luenpun.com.hk\/en\/"},{"@type":"ListItem","position":2,"name":"Product","item":"https:\/\/luenpun.com.hk\/en\/shop\/"},{"@type":"ListItem","position":3,"name":"Double Bowl Kitchen Sink Table S004-DW48\/ S004-DW48.4"}]},{"@type":"WebSite","@id":"https:\/\/luenpun.com.hk\/#website","url":"https:\/\/luenpun.com.hk\/","name":"\u806f\u54c1","description":"\u4e00\u7ad9\u5f0f\u5546\u7528\u5eda\u623f\u8a2d\u5099\u4f9b\u61c9\u5546","potentialAction":[{"@type":"SearchAction","target":{"@type":"EntryPoint","urlTemplate":"https:\/\/luenpun.com.hk\/?s={search_term_string}"},"query-input":"required name=search_term_string"}],"inLanguage":"en-US"}]}},"_links":{"self":[{"href":"https:\/\/luenpun.com.hk\/en\/wp-json\/wp\/v2\/product\/24279"}],"collection":[{"href":"https:\/\/luenpun.com.hk\/en\/wp-json\/wp\/v2\/product"}],"about":[{"href":"https:\/\/luenpun.com.hk\/en\/wp-json\/wp\/v2\/types\/product"}],"wp:featuredmedia":[{"embeddable":true,"href":"https:\/\/luenpun.com.hk\/en\/wp-json\/wp\/v2\/media\/5277"}],"wp:attachment":[{"href":"https:\/\/luenpun.com.hk\/en\/wp-json\/wp\/v2\/media?parent=24279"}],"wp:term":[{"taxonomy":"product_cat","embeddable":true,"href":"https:\/\/luenpun.com.hk\/en\/wp-json\/wp\/v2\/product_cat?post=24279"},{"taxonomy":"product_tag","embeddable":true,"href":"https:\/\/luenpun.com.hk\/en\/wp-json\/wp\/v2\/product_tag?post=24279"}],"curies":[{"name":"wp","href":"https:\/\/api.w.org\/{rel}","templated":true}]}}