{"id":16474,"date":"2020-02-14T09:09:52","date_gmt":"2020-02-14T09:09:52","guid":{"rendered":"https:\/\/luenpun.com.hk\/product\/wt-0410_16\/"},"modified":"2021-12-27T12:05:54","modified_gmt":"2021-12-27T04:05:54","slug":"wt-0410_16","status":"publish","type":"product","link":"https:\/\/luenpun.com.hk\/en\/product\/wt-0410_16\/","title":{"rendered":"Working Table-3 shelves(square legs)<br>WT-0410\/ WT-0416"},"content":{"rendered":"","protected":false},"excerpt":{"rendered":"<h4>WT-0410<\/h4>\n<ul>\n<li>16&#8243; \u00d7 10&#8243; \u00d7 32&#8243;\u00a0 |\u00a0 406 \u00d7 254 \u00d7 813 mm<\/li>\n<li>20&#8243; \u00d7 10&#8243; \u00d7 32&#8243;\u00a0 |\u00a0 508 \u00d7 254 \u00d7 813 mm<\/li>\n<li>24&#8243; \u00d7 10&#8243; \u00d7 32&#8243;\u00a0 |\u00a0 610 \u00d7 254 \u00d7 813 mm<\/li>\n<li>30&#8243; \u00d7 10&#8243; \u00d7 32&#8243;\u00a0 |\u00a0 762 \u00d7 254 \u00d7 813 mm<\/li>\n<li>36&#8243; \u00d7 10&#8243; \u00d7 32&#8243;\u00a0 |\u00a0 914 \u00d7 254 \u00d7 813 mm<\/li>\n<li>40&#8243; \u00d7 10&#8243; \u00d7 32&#8243;\u00a0 |\u00a0 1016 \u00d7 254 \u00d7 813 mm<\/li>\n<\/ul>\n<hr \/>\n<h4>WT-0416<\/h4>\n<ul>\n<li>16&#8243; \u00d7 16&#8243; \u00d7 32&#8243;\u00a0 \u00a0|\u00a0 406 \u00d7 406 \u00d7 813 mm<\/li>\n<li>20&#8243; \u00d7 16&#8243; \u00d7 32&#8243;\u00a0 \u00a0|\u00a0 508 \u00d7 406 \u00d7 813 mm<\/li>\n<li>24&#8243; \u00d7 16&#8243; \u00d7 32&#8243;\u00a0\u00a0 |\u00a0 610 \u00d7 406 \u00d7 813 mm<\/li>\n<li>30&#8243; \u00d7 16&#8243; \u00d7 32&#8243;\u00a0\u00a0 |\u00a0 762 \u00d7 406 \u00d7 813 mm<\/li>\n<li>36&#8243; \u00d7 16&#8243; \u00d7 32&#8243;\u00a0\u00a0 |\u00a0 914 \u00d7 406 \u00d7 813 mm<\/li>\n<li>40&#8243; \u00d7 16&#8243; \u00d7 32&#8243;\u00a0\u00a0 |\u00a0 1016 \u00d7 406 \u00d7 813 mm<\/li>\n<\/ul>\n<p>&nbsp;<\/p>\n<a href=\"https:\/\/luenpun.com.hk\/%E6%9F%A5%E8%A9%A2\/\" class=\"button primary is-primary is-medium\"  >\n    <span>Enquiry<\/span>\n  <\/a>\n\n","protected":false},"featured_media":9304,"template":"","meta":{"om_disable_all_campaigns":false,"_joinchat":[]},"product_cat":[160,166],"product_tag":[663],"yoast_head":"<!-- This site is optimized with the Yoast SEO plugin v19.7.1 - https:\/\/yoast.com\/wordpress\/plugins\/seo\/ -->\n<title>Working Table-3 shelves(square legs)WT-0410\/ WT-0416 - \u806f\u54c1<\/title>\n<meta name=\"robots\" content=\"index, follow, max-snippet:-1, max-image-preview:large, max-video-preview:-1\" \/>\n<link rel=\"canonical\" href=\"https:\/\/luenpun.com.hk\/en\/product\/wt-0410_16\/\" \/>\n<meta property=\"og:locale\" content=\"en_US\" \/>\n<meta property=\"og:type\" content=\"article\" \/>\n<meta property=\"og:title\" content=\"Working Table-3 shelves(square legs)WT-0410\/ WT-0416 - \u806f\u54c1\" \/>\n<meta property=\"og:description\" content=\"WT-0410   16&quot; \u00d7 10&quot; \u00d7 32&quot;\u00a0 |\u00a0 406 \u00d7 254 \u00d7 813 mm  20&quot; \u00d7 10&quot; \u00d7 32&quot;\u00a0 |\u00a0 508 \u00d7 254 \u00d7 813 mm  24&quot; \u00d7 10&quot; \u00d7 32&quot;\u00a0 |\u00a0 610 \u00d7 254 \u00d7 813 mm  30&quot; \u00d7 10&quot; \u00d7 32&quot;\u00a0 |\u00a0 762 \u00d7 254 \u00d7 813 mm  36&quot; \u00d7 10&quot; \u00d7 32&quot;\u00a0 |\u00a0 914 \u00d7 254 \u00d7 813 mm  40&quot; \u00d7 10&quot; \u00d7 32&quot;\u00a0 |\u00a0 1016 \u00d7 254 \u00d7 813 mm     WT-0416   16&quot; \u00d7 16&quot; \u00d7 32&quot;\u00a0 \u00a0|\u00a0 406 \u00d7 406 \u00d7 813 mm  20&quot; \u00d7 16&quot; \u00d7 32&quot;\u00a0 \u00a0|\u00a0 508 \u00d7 406 \u00d7 813 mm  24&quot; \u00d7 16&quot; \u00d7 32&quot;\u00a0\u00a0 |\u00a0 610 \u00d7 406 \u00d7 813 mm  30&quot; \u00d7 16&quot; \u00d7 32&quot;\u00a0\u00a0 |\u00a0 762 \u00d7 406 \u00d7 813 mm  36&quot; \u00d7 16&quot; \u00d7 32&quot;\u00a0\u00a0 |\u00a0 914 \u00d7 406 \u00d7 813 mm  40&quot; \u00d7 16&quot; \u00d7 32&quot;\u00a0\u00a0 |\u00a0 1016 \u00d7 406 \u00d7 813 mm  &nbsp;\" \/>\n<meta property=\"og:url\" content=\"https:\/\/luenpun.com.hk\/en\/product\/wt-0410_16\/\" \/>\n<meta property=\"og:site_name\" content=\"\u806f\u54c1\" \/>\n<meta property=\"article:publisher\" content=\"https:\/\/www.facebook.com\/luenpunhk\/\" \/>\n<meta property=\"article:modified_time\" content=\"2021-12-27T04:05:54+00:00\" \/>\n<meta property=\"og:image\" content=\"https:\/\/luenpun.com.hk\/wp-content\/uploads\/2020\/02\/wt-0416.jpg\" \/>\n\t<meta property=\"og:image:width\" content=\"900\" \/>\n\t<meta property=\"og:image:height\" content=\"900\" \/>\n\t<meta property=\"og:image:type\" content=\"image\/jpeg\" \/>\n<meta name=\"twitter:card\" content=\"summary_large_image\" \/>\n<script type=\"application\/ld+json\" class=\"yoast-schema-graph\">{\"@context\":\"https:\/\/schema.org\",\"@graph\":[{\"@type\":\"WebPage\",\"@id\":\"https:\/\/luenpun.com.hk\/en\/product\/wt-0410_16\/\",\"url\":\"https:\/\/luenpun.com.hk\/en\/product\/wt-0410_16\/\",\"name\":\"Working Table-3 shelves(square legs) WT-0410\/ WT-0416 - \u806f\u54c1\",\"isPartOf\":{\"@id\":\"https:\/\/luenpun.com.hk\/#website\"},\"datePublished\":\"2020-02-14T09:09:52+00:00\",\"dateModified\":\"2021-12-27T04:05:54+00:00\",\"breadcrumb\":{\"@id\":\"https:\/\/luenpun.com.hk\/en\/product\/wt-0410_16\/#breadcrumb\"},\"inLanguage\":\"en-US\",\"potentialAction\":[{\"@type\":\"ReadAction\",\"target\":[\"https:\/\/luenpun.com.hk\/en\/product\/wt-0410_16\/\"]}]},{\"@type\":\"BreadcrumbList\",\"@id\":\"https:\/\/luenpun.com.hk\/en\/product\/wt-0410_16\/#breadcrumb\",\"itemListElement\":[{\"@type\":\"ListItem\",\"position\":1,\"name\":\"\u9996\u9801\",\"item\":\"https:\/\/luenpun.com.hk\/en\/\"},{\"@type\":\"ListItem\",\"position\":2,\"name\":\"Product\",\"item\":\"https:\/\/luenpun.com.hk\/en\/shop\/\"},{\"@type\":\"ListItem\",\"position\":3,\"name\":\"Working Table-3 shelves(square legs)WT-0410\/ WT-0416\"}]},{\"@type\":\"WebSite\",\"@id\":\"https:\/\/luenpun.com.hk\/#website\",\"url\":\"https:\/\/luenpun.com.hk\/\",\"name\":\"\u806f\u54c1\",\"description\":\"\u4e00\u7ad9\u5f0f\u5546\u7528\u5eda\u623f\u8a2d\u5099\u4f9b\u61c9\u5546\",\"potentialAction\":[{\"@type\":\"SearchAction\",\"target\":{\"@type\":\"EntryPoint\",\"urlTemplate\":\"https:\/\/luenpun.com.hk\/?s={search_term_string}\"},\"query-input\":\"required name=search_term_string\"}],\"inLanguage\":\"en-US\"}]}<\/script>\n<!-- \/ Yoast SEO plugin. -->","yoast_head_json":{"title":"Working Table-3 shelves(square legs)WT-0410\/ WT-0416 - \u806f\u54c1","robots":{"index":"index","follow":"follow","max-snippet":"max-snippet:-1","max-image-preview":"max-image-preview:large","max-video-preview":"max-video-preview:-1"},"canonical":"https:\/\/luenpun.com.hk\/en\/product\/wt-0410_16\/","og_locale":"en_US","og_type":"article","og_title":"Working Table-3 shelves(square legs)WT-0410\/ WT-0416 - \u806f\u54c1","og_description":"WT-0410   16\" \u00d7 10\" \u00d7 32\"\u00a0 |\u00a0 406 \u00d7 254 \u00d7 813 mm  20\" \u00d7 10\" \u00d7 32\"\u00a0 |\u00a0 508 \u00d7 254 \u00d7 813 mm  24\" \u00d7 10\" \u00d7 32\"\u00a0 |\u00a0 610 \u00d7 254 \u00d7 813 mm  30\" \u00d7 10\" \u00d7 32\"\u00a0 |\u00a0 762 \u00d7 254 \u00d7 813 mm  36\" \u00d7 10\" \u00d7 32\"\u00a0 |\u00a0 914 \u00d7 254 \u00d7 813 mm  40\" \u00d7 10\" \u00d7 32\"\u00a0 |\u00a0 1016 \u00d7 254 \u00d7 813 mm     WT-0416   16\" \u00d7 16\" \u00d7 32\"\u00a0 \u00a0|\u00a0 406 \u00d7 406 \u00d7 813 mm  20\" \u00d7 16\" \u00d7 32\"\u00a0 \u00a0|\u00a0 508 \u00d7 406 \u00d7 813 mm  24\" \u00d7 16\" \u00d7 32\"\u00a0\u00a0 |\u00a0 610 \u00d7 406 \u00d7 813 mm  30\" \u00d7 16\" \u00d7 32\"\u00a0\u00a0 |\u00a0 762 \u00d7 406 \u00d7 813 mm  36\" \u00d7 16\" \u00d7 32\"\u00a0\u00a0 |\u00a0 914 \u00d7 406 \u00d7 813 mm  40\" \u00d7 16\" \u00d7 32\"\u00a0\u00a0 |\u00a0 1016 \u00d7 406 \u00d7 813 mm  &nbsp;","og_url":"https:\/\/luenpun.com.hk\/en\/product\/wt-0410_16\/","og_site_name":"\u806f\u54c1","article_publisher":"https:\/\/www.facebook.com\/luenpunhk\/","article_modified_time":"2021-12-27T04:05:54+00:00","og_image":[{"width":900,"height":900,"url":"https:\/\/luenpun.com.hk\/wp-content\/uploads\/2020\/02\/wt-0416.jpg","type":"image\/jpeg"}],"twitter_card":"summary_large_image","schema":{"@context":"https:\/\/schema.org","@graph":[{"@type":"WebPage","@id":"https:\/\/luenpun.com.hk\/en\/product\/wt-0410_16\/","url":"https:\/\/luenpun.com.hk\/en\/product\/wt-0410_16\/","name":"Working Table-3 shelves(square legs) WT-0410\/ WT-0416 - \u806f\u54c1","isPartOf":{"@id":"https:\/\/luenpun.com.hk\/#website"},"datePublished":"2020-02-14T09:09:52+00:00","dateModified":"2021-12-27T04:05:54+00:00","breadcrumb":{"@id":"https:\/\/luenpun.com.hk\/en\/product\/wt-0410_16\/#breadcrumb"},"inLanguage":"en-US","potentialAction":[{"@type":"ReadAction","target":["https:\/\/luenpun.com.hk\/en\/product\/wt-0410_16\/"]}]},{"@type":"BreadcrumbList","@id":"https:\/\/luenpun.com.hk\/en\/product\/wt-0410_16\/#breadcrumb","itemListElement":[{"@type":"ListItem","position":1,"name":"\u9996\u9801","item":"https:\/\/luenpun.com.hk\/en\/"},{"@type":"ListItem","position":2,"name":"Product","item":"https:\/\/luenpun.com.hk\/en\/shop\/"},{"@type":"ListItem","position":3,"name":"Working Table-3 shelves(square legs)WT-0410\/ WT-0416"}]},{"@type":"WebSite","@id":"https:\/\/luenpun.com.hk\/#website","url":"https:\/\/luenpun.com.hk\/","name":"\u806f\u54c1","description":"\u4e00\u7ad9\u5f0f\u5546\u7528\u5eda\u623f\u8a2d\u5099\u4f9b\u61c9\u5546","potentialAction":[{"@type":"SearchAction","target":{"@type":"EntryPoint","urlTemplate":"https:\/\/luenpun.com.hk\/?s={search_term_string}"},"query-input":"required name=search_term_string"}],"inLanguage":"en-US"}]}},"_links":{"self":[{"href":"https:\/\/luenpun.com.hk\/en\/wp-json\/wp\/v2\/product\/16474"}],"collection":[{"href":"https:\/\/luenpun.com.hk\/en\/wp-json\/wp\/v2\/product"}],"about":[{"href":"https:\/\/luenpun.com.hk\/en\/wp-json\/wp\/v2\/types\/product"}],"wp:featuredmedia":[{"embeddable":true,"href":"https:\/\/luenpun.com.hk\/en\/wp-json\/wp\/v2\/media\/9304"}],"wp:attachment":[{"href":"https:\/\/luenpun.com.hk\/en\/wp-json\/wp\/v2\/media?parent=16474"}],"wp:term":[{"taxonomy":"product_cat","embeddable":true,"href":"https:\/\/luenpun.com.hk\/en\/wp-json\/wp\/v2\/product_cat?post=16474"},{"taxonomy":"product_tag","embeddable":true,"href":"https:\/\/luenpun.com.hk\/en\/wp-json\/wp\/v2\/product_tag?post=16474"}],"curies":[{"name":"wp","href":"https:\/\/api.w.org\/{rel}","templated":true}]}}