{"id":16310,"date":"2020-09-17T16:25:32","date_gmt":"2020-09-17T08:25:32","guid":{"rendered":"https:\/\/luenpun.com.hk\/product\/rtc-90sna-rtc-90sda-ftc-90sna-ftc-90sda\/"},"modified":"2025-02-25T15:41:00","modified_gmt":"2025-02-25T07:41:00","slug":"rtc-90sna-rtc-90sda-ftc-90sna-ftc-90sda","status":"publish","type":"product","link":"https:\/\/luenpun.com.hk\/en\/product\/rtc-90sna-rtc-90sda-ftc-90sna-ftc-90sda\/","title":{"rendered":"HOSHIZAKI \u2013 Goldline Counter refrigerator<br>RTC-90SNA\/ RTC-90SDA\/ FTC-90SNA\/ FTC-90SDA"},"content":{"rendered":"<p>&nbsp;<\/p>\n<p>&nbsp;<\/p>\n<p>&nbsp;<\/p>\n","protected":false},"excerpt":{"rendered":"\n\t\t<div class=\"icon-box featured-box icon-box-top text-left\"  >\n\t\t\t\t\t<div class=\"icon-box-img\" style=\"width: 200px\">\n\t\t\t\t<div class=\"icon\">\n\t\t\t\t\t<div class=\"icon-inner\" >\n\t\t\t\t\t\t<img src=\"\/wp-content\/uploads\/2020\/11\/hoshizaki_logo-02.jpg\" alt=\"\" \/>\t\t\t\t\t<\/div>\n\t\t\t\t<\/div>\n\t\t\t<\/div>\n\t\t\t\t<div class=\"icon-box-text last-reset\">\n\t\t\t\t\t\t\t\t\t\n\t\t<\/div>\n\t<\/div><!-- .icon-box -->\n\t\n\t\n<blockquote>\n<h2>Goldline<\/h2>\n<\/blockquote>\n<a href=\"https:\/\/luenpun.com.hk\/wp-content\/uploads\/2024\/04\/SpecSheet_hoshizaki_A4H_202404_02.pdf\" class=\"button success is-success is-medium\"  >\n    <span>SPECIFICATION SHEET<\/span>\n  <\/a>\n\n<hr \/>\n<h4>RTC-90SNA<\/h4>\n<ul>\n<li>Dimensions\uff1a900\u00d7600\u00d7(700+100) mm<\/li>\n<li>Temperature range\uff1a-6 ~ +12 \u00b0C<\/li>\n<li>Power\uff1a175 w<\/li>\n<li>Storage Capacity\uff1a122 L<\/li>\n<\/ul>\n<hr \/>\n<h4>RTC-90SDA<\/h4>\n<ul>\n<li>Dimensions\uff1a900\u00d7750\u00d7900\u00d7600\u00d7(700+100) mm<\/li>\n<li>Temperature range\uff1a-6 ~ +12 \u00b0C<\/li>\n<li>Power\uff1a174 w<\/li>\n<li>Storage Capacity\uff1a159 L<\/li>\n<\/ul>\n<hr \/>\n<h4>FTC-90SNA<\/h4>\n<ul>\n<li>Dimensions\uff1a900\u00d7600\u00d7(700+100) mm<\/li>\n<li>Temperature range\uff1a-25 ~ -7 \u00b0C<\/li>\n<li>Power\uff1a349 w<\/li>\n<li>Storage Capacity\uff1a122 L<\/li>\n<\/ul>\n<hr \/>\n<h4>FTC-90SDA<\/h4>\n<ul>\n<li>Dimensions\uff1a900\u00d7750\u00d7(700+100) mm<\/li>\n<li>Temperature range\uff1a-25 ~ -7 \u00b0C<\/li>\n<li>Power\uff1a349 w<\/li>\n<li>Storage Capacity\uff1a159 L<\/li>\n<\/ul>\n<h5><span style=\"color: #e14d43;\">* Products are subject to change due to enhancements and continuous development.<\/span><\/h5>\n<h5><span style=\"color: #e14d43;\">* <\/span><span style=\"color: #e14d43;\"> Power Supply\uff1a Single phase\/ 220V\/50Hz<\/span><\/h5>\n<a href=\"https:\/\/luenpun.com.hk\/%E6%9F%A5%E8%A9%A2\/\" class=\"button primary is-primary is-medium\"  >\n    <span>Enquiry<\/span>\n  <\/a>\n\n","protected":false},"featured_media":15075,"template":"","meta":{"om_disable_all_campaigns":false,"_joinchat":[]},"product_cat":[173,159,175],"product_tag":[404],"yoast_head":"<!-- This site is optimized with the Yoast SEO plugin v19.7.1 - https:\/\/yoast.com\/wordpress\/plugins\/seo\/ -->\n<title>HOSHIZAKI \u2013 Goldline Counter refrigeratorRTC-90SNA\/ RTC-90SDA\/ FTC-90SNA\/ FTC-90SDA - \u806f\u54c1<\/title>\n<meta name=\"robots\" content=\"index, follow, max-snippet:-1, max-image-preview:large, max-video-preview:-1\" \/>\n<link rel=\"canonical\" href=\"https:\/\/luenpun.com.hk\/en\/product\/rtc-90sna-rtc-90sda-ftc-90sna-ftc-90sda\/\" \/>\n<meta property=\"og:locale\" content=\"en_US\" \/>\n<meta property=\"og:type\" content=\"article\" \/>\n<meta property=\"og:title\" content=\"HOSHIZAKI \u2013 Goldline Counter refrigeratorRTC-90SNA\/ RTC-90SDA\/ FTC-90SNA\/ FTC-90SDA - \u806f\u54c1\" \/>\n<meta property=\"og:description\" content=\"Goldline      RTC-90SNA   Dimensions\uff1a900\u00d7600\u00d7(700+100) mm  Temperature range\uff1a-6 ~ +12 \u00b0C  Power\uff1a175 w  Storage Capacity\uff1a122 L     RTC-90SDA   Dimensions\uff1a900\u00d7750\u00d7900\u00d7600\u00d7(700+100) mm  Temperature range\uff1a-6 ~ +12 \u00b0C  Power\uff1a174 w  Storage Capacity\uff1a159 L     FTC-90SNA   Dimensions\uff1a900\u00d7600\u00d7(700+100) mm  Temperature range\uff1a-25 ~ -7 \u00b0C  Power\uff1a349 w  Storage Capacity\uff1a122 L     FTC-90SDA   Dimensions\uff1a900\u00d7750\u00d7(700+100) mm  Temperature range\uff1a-25 ~ -7 \u00b0C  Power\uff1a349 w  Storage Capacity\uff1a159 L  * Products are subject to change due to enhancements and continuous development. * Power Supply\uff1a Single phase\/ 220V\/50Hz\" \/>\n<meta property=\"og:url\" content=\"https:\/\/luenpun.com.hk\/en\/product\/rtc-90sna-rtc-90sda-ftc-90sna-ftc-90sda\/\" \/>\n<meta property=\"og:site_name\" content=\"\u806f\u54c1\" \/>\n<meta property=\"article:publisher\" content=\"https:\/\/www.facebook.com\/luenpunhk\/\" \/>\n<meta property=\"article:modified_time\" content=\"2025-02-25T07:41:00+00:00\" \/>\n<meta property=\"og:image\" content=\"https:\/\/luenpun.com.hk\/wp-content\/uploads\/2020\/09\/RTC-90SDA_FTC-90SDA_RTC-90SNA_FTC-90SNA-1.jpg\" \/>\n\t<meta property=\"og:image:width\" content=\"900\" \/>\n\t<meta property=\"og:image:height\" content=\"900\" \/>\n\t<meta property=\"og:image:type\" content=\"image\/jpeg\" \/>\n<meta name=\"twitter:card\" content=\"summary_large_image\" \/>\n<script type=\"application\/ld+json\" class=\"yoast-schema-graph\">{\"@context\":\"https:\/\/schema.org\",\"@graph\":[{\"@type\":\"WebPage\",\"@id\":\"https:\/\/luenpun.com.hk\/en\/product\/rtc-90sna-rtc-90sda-ftc-90sna-ftc-90sda\/\",\"url\":\"https:\/\/luenpun.com.hk\/en\/product\/rtc-90sna-rtc-90sda-ftc-90sna-ftc-90sda\/\",\"name\":\"HOSHIZAKI \u2013 Goldline Counter refrigerator RTC-90SNA\/ RTC-90SDA\/ FTC-90SNA\/ FTC-90SDA - \u806f\u54c1\",\"isPartOf\":{\"@id\":\"https:\/\/luenpun.com.hk\/#website\"},\"datePublished\":\"2020-09-17T08:25:32+00:00\",\"dateModified\":\"2025-02-25T07:41:00+00:00\",\"breadcrumb\":{\"@id\":\"https:\/\/luenpun.com.hk\/en\/product\/rtc-90sna-rtc-90sda-ftc-90sna-ftc-90sda\/#breadcrumb\"},\"inLanguage\":\"en-US\",\"potentialAction\":[{\"@type\":\"ReadAction\",\"target\":[\"https:\/\/luenpun.com.hk\/en\/product\/rtc-90sna-rtc-90sda-ftc-90sna-ftc-90sda\/\"]}]},{\"@type\":\"BreadcrumbList\",\"@id\":\"https:\/\/luenpun.com.hk\/en\/product\/rtc-90sna-rtc-90sda-ftc-90sna-ftc-90sda\/#breadcrumb\",\"itemListElement\":[{\"@type\":\"ListItem\",\"position\":1,\"name\":\"\u9996\u9801\",\"item\":\"https:\/\/luenpun.com.hk\/en\/\"},{\"@type\":\"ListItem\",\"position\":2,\"name\":\"Product\",\"item\":\"https:\/\/luenpun.com.hk\/en\/shop\/\"},{\"@type\":\"ListItem\",\"position\":3,\"name\":\"HOSHIZAKI \u2013 Goldline Counter refrigeratorRTC-90SNA\/ RTC-90SDA\/ FTC-90SNA\/ FTC-90SDA\"}]},{\"@type\":\"WebSite\",\"@id\":\"https:\/\/luenpun.com.hk\/#website\",\"url\":\"https:\/\/luenpun.com.hk\/\",\"name\":\"\u806f\u54c1\",\"description\":\"\u4e00\u7ad9\u5f0f\u5546\u7528\u5eda\u623f\u8a2d\u5099\u4f9b\u61c9\u5546\",\"potentialAction\":[{\"@type\":\"SearchAction\",\"target\":{\"@type\":\"EntryPoint\",\"urlTemplate\":\"https:\/\/luenpun.com.hk\/?s={search_term_string}\"},\"query-input\":\"required name=search_term_string\"}],\"inLanguage\":\"en-US\"}]}<\/script>\n<!-- \/ Yoast SEO plugin. -->","yoast_head_json":{"title":"HOSHIZAKI \u2013 Goldline Counter refrigeratorRTC-90SNA\/ RTC-90SDA\/ FTC-90SNA\/ FTC-90SDA - \u806f\u54c1","robots":{"index":"index","follow":"follow","max-snippet":"max-snippet:-1","max-image-preview":"max-image-preview:large","max-video-preview":"max-video-preview:-1"},"canonical":"https:\/\/luenpun.com.hk\/en\/product\/rtc-90sna-rtc-90sda-ftc-90sna-ftc-90sda\/","og_locale":"en_US","og_type":"article","og_title":"HOSHIZAKI \u2013 Goldline Counter refrigeratorRTC-90SNA\/ RTC-90SDA\/ FTC-90SNA\/ FTC-90SDA - \u806f\u54c1","og_description":"Goldline      RTC-90SNA   Dimensions\uff1a900\u00d7600\u00d7(700+100) mm  Temperature range\uff1a-6 ~ +12 \u00b0C  Power\uff1a175 w  Storage Capacity\uff1a122 L     RTC-90SDA   Dimensions\uff1a900\u00d7750\u00d7900\u00d7600\u00d7(700+100) mm  Temperature range\uff1a-6 ~ +12 \u00b0C  Power\uff1a174 w  Storage Capacity\uff1a159 L     FTC-90SNA   Dimensions\uff1a900\u00d7600\u00d7(700+100) mm  Temperature range\uff1a-25 ~ -7 \u00b0C  Power\uff1a349 w  Storage Capacity\uff1a122 L     FTC-90SDA   Dimensions\uff1a900\u00d7750\u00d7(700+100) mm  Temperature range\uff1a-25 ~ -7 \u00b0C  Power\uff1a349 w  Storage Capacity\uff1a159 L  * Products are subject to change due to enhancements and continuous development. * Power Supply\uff1a Single phase\/ 220V\/50Hz","og_url":"https:\/\/luenpun.com.hk\/en\/product\/rtc-90sna-rtc-90sda-ftc-90sna-ftc-90sda\/","og_site_name":"\u806f\u54c1","article_publisher":"https:\/\/www.facebook.com\/luenpunhk\/","article_modified_time":"2025-02-25T07:41:00+00:00","og_image":[{"width":900,"height":900,"url":"https:\/\/luenpun.com.hk\/wp-content\/uploads\/2020\/09\/RTC-90SDA_FTC-90SDA_RTC-90SNA_FTC-90SNA-1.jpg","type":"image\/jpeg"}],"twitter_card":"summary_large_image","schema":{"@context":"https:\/\/schema.org","@graph":[{"@type":"WebPage","@id":"https:\/\/luenpun.com.hk\/en\/product\/rtc-90sna-rtc-90sda-ftc-90sna-ftc-90sda\/","url":"https:\/\/luenpun.com.hk\/en\/product\/rtc-90sna-rtc-90sda-ftc-90sna-ftc-90sda\/","name":"HOSHIZAKI \u2013 Goldline Counter refrigerator RTC-90SNA\/ RTC-90SDA\/ FTC-90SNA\/ FTC-90SDA - \u806f\u54c1","isPartOf":{"@id":"https:\/\/luenpun.com.hk\/#website"},"datePublished":"2020-09-17T08:25:32+00:00","dateModified":"2025-02-25T07:41:00+00:00","breadcrumb":{"@id":"https:\/\/luenpun.com.hk\/en\/product\/rtc-90sna-rtc-90sda-ftc-90sna-ftc-90sda\/#breadcrumb"},"inLanguage":"en-US","potentialAction":[{"@type":"ReadAction","target":["https:\/\/luenpun.com.hk\/en\/product\/rtc-90sna-rtc-90sda-ftc-90sna-ftc-90sda\/"]}]},{"@type":"BreadcrumbList","@id":"https:\/\/luenpun.com.hk\/en\/product\/rtc-90sna-rtc-90sda-ftc-90sna-ftc-90sda\/#breadcrumb","itemListElement":[{"@type":"ListItem","position":1,"name":"\u9996\u9801","item":"https:\/\/luenpun.com.hk\/en\/"},{"@type":"ListItem","position":2,"name":"Product","item":"https:\/\/luenpun.com.hk\/en\/shop\/"},{"@type":"ListItem","position":3,"name":"HOSHIZAKI \u2013 Goldline Counter refrigeratorRTC-90SNA\/ RTC-90SDA\/ FTC-90SNA\/ FTC-90SDA"}]},{"@type":"WebSite","@id":"https:\/\/luenpun.com.hk\/#website","url":"https:\/\/luenpun.com.hk\/","name":"\u806f\u54c1","description":"\u4e00\u7ad9\u5f0f\u5546\u7528\u5eda\u623f\u8a2d\u5099\u4f9b\u61c9\u5546","potentialAction":[{"@type":"SearchAction","target":{"@type":"EntryPoint","urlTemplate":"https:\/\/luenpun.com.hk\/?s={search_term_string}"},"query-input":"required name=search_term_string"}],"inLanguage":"en-US"}]}},"_links":{"self":[{"href":"https:\/\/luenpun.com.hk\/en\/wp-json\/wp\/v2\/product\/16310"}],"collection":[{"href":"https:\/\/luenpun.com.hk\/en\/wp-json\/wp\/v2\/product"}],"about":[{"href":"https:\/\/luenpun.com.hk\/en\/wp-json\/wp\/v2\/types\/product"}],"wp:featuredmedia":[{"embeddable":true,"href":"https:\/\/luenpun.com.hk\/en\/wp-json\/wp\/v2\/media\/15075"}],"wp:attachment":[{"href":"https:\/\/luenpun.com.hk\/en\/wp-json\/wp\/v2\/media?parent=16310"}],"wp:term":[{"taxonomy":"product_cat","embeddable":true,"href":"https:\/\/luenpun.com.hk\/en\/wp-json\/wp\/v2\/product_cat?post=16310"},{"taxonomy":"product_tag","embeddable":true,"href":"https:\/\/luenpun.com.hk\/en\/wp-json\/wp\/v2\/product_tag?post=16310"}],"curies":[{"name":"wp","href":"https:\/\/api.w.org\/{rel}","templated":true}]}}